{"id":16,"date":"2024-03-26T12:57:38","date_gmt":"2024-03-26T11:57:38","guid":{"rendered":"https:\/\/dreamtechburkina.com\/sidiafishingcv2\/?page_id=16"},"modified":"2024-12-03T14:22:34","modified_gmt":"2024-12-03T13:22:34","slug":"nos-engagements","status":"publish","type":"page","link":"https:\/\/sidiafishing.com\/index.php\/nos-engagements\/","title":{"rendered":"Nos engagements"},"content":{"rendered":"\t\t<div data-elementor-type=\"wp-page\" data-elementor-id=\"16\" class=\"elementor elementor-16\">\n\t\t\t\t\t\t<section class=\"elementor-section elementor-top-section elementor-element elementor-element-567757fe elementor-section-boxed elementor-section-height-default elementor-section-height-default\" data-id=\"567757fe\" data-element_type=\"section\" data-settings=\"{&quot;background_background&quot;:&quot;classic&quot;}\">\n\t\t\t\t\t\t\t<div class=\"elementor-background-overlay\"><\/div>\n\t\t\t\t\t\t\t<div class=\"elementor-container elementor-column-gap-default\">\n\t\t\t\t\t<div class=\"elementor-column elementor-col-100 elementor-top-column elementor-element elementor-element-10f402f8\" data-id=\"10f402f8\" data-element_type=\"column\">\n\t\t\t<div class=\"elementor-widget-wrap elementor-element-populated\">\n\t\t\t\t\t\t<div class=\"elementor-element elementor-element-7372ab62 elementor-invisible elementor-widget elementor-widget-heading\" data-id=\"7372ab62\" data-element_type=\"widget\" data-settings=\"{&quot;_animation&quot;:&quot;fadeInUp&quot;,&quot;_animation_delay&quot;:100}\" data-widget_type=\"heading.default\">\n\t\t\t\t<div class=\"elementor-widget-container\">\n\t\t\t\t\t<h2 class=\"elementor-heading-title elementor-size-default\">Nos Engagements<\/h2>\t\t\t\t<\/div>\n\t\t\t\t<\/div>\n\t\t\t\t\t<\/div>\n\t\t<\/div>\n\t\t\t\t\t<\/div>\n\t\t<\/section>\n\t\t\t\t<section class=\"elementor-section elementor-top-section elementor-element elementor-element-237a165d elementor-section-boxed elementor-section-height-default elementor-section-height-default\" data-id=\"237a165d\" data-element_type=\"section\">\n\t\t\t\t\t\t\t<div class=\"elementor-background-overlay\"><\/div>\n\t\t\t\t\t\t\t<div class=\"elementor-container elementor-column-gap-default\">\n\t\t\t\t\t<div class=\"elementor-column elementor-col-50 elementor-top-column elementor-element elementor-element-7dd49a37\" data-id=\"7dd49a37\" data-element_type=\"column\">\n\t\t\t<div class=\"elementor-widget-wrap elementor-element-populated\">\n\t\t\t\t\t\t<div class=\"elementor-element elementor-element-69706642 elementor-invisible elementor-widget elementor-widget-heading\" data-id=\"69706642\" data-element_type=\"widget\" data-settings=\"{&quot;_animation&quot;:&quot;fadeInUp&quot;,&quot;_animation_delay&quot;:50}\" data-widget_type=\"heading.default\">\n\t\t\t\t<div class=\"elementor-widget-container\">\n\t\t\t\t\t<h2 class=\"elementor-heading-title elementor-size-default\">Durabilit\u00e9<\/h2>\t\t\t\t<\/div>\n\t\t\t\t<\/div>\n\t\t\t\t<div class=\"elementor-element elementor-element-6fe01840 elementor-invisible elementor-widget elementor-widget-text-editor\" data-id=\"6fe01840\" data-element_type=\"widget\" data-settings=\"{&quot;_animation&quot;:&quot;fadeInUp&quot;,&quot;_animation_delay&quot;:100}\" data-widget_type=\"text-editor.default\">\n\t\t\t\t<div class=\"elementor-widget-container\">\n\t\t\t\t\t\t\t\t\t<p><strong>Sidia Fishing pratique une p\u00eache durable et responsable.<\/strong> Nous adoptons des techniques de <strong>p\u00eache s\u00e9lectives<\/strong> et des m\u00e9thodes respectueuses de l&rsquo;environnement pour minimiser notre impact sur les \u00e9cosyst\u00e8mes marins.<\/p><p>Notre objectif est de <strong>pr\u00e9server les ressources marines<\/strong> pour les g\u00e9n\u00e9rations futures en respectant les quotas de p\u00eache, en prot\u00e9geant les habitats marins et en contribuant \u00e0 la biodiversit\u00e9 des oc\u00e9ans.<\/p>\t\t\t\t\t\t\t\t<\/div>\n\t\t\t\t<\/div>\n\t\t\t\t\t<\/div>\n\t\t<\/div>\n\t\t\t\t<div class=\"elementor-column elementor-col-50 elementor-top-column elementor-element elementor-element-4af87b87\" data-id=\"4af87b87\" data-element_type=\"column\">\n\t\t\t<div class=\"elementor-widget-wrap elementor-element-populated\">\n\t\t\t\t\t\t<section class=\"elementor-section elementor-inner-section elementor-element elementor-element-b4af29e elementor-section-boxed elementor-section-height-default elementor-section-height-default\" data-id=\"b4af29e\" data-element_type=\"section\">\n\t\t\t\t\t\t<div class=\"elementor-container elementor-column-gap-default\">\n\t\t\t\t\t<div class=\"elementor-column elementor-col-50 elementor-inner-column elementor-element elementor-element-2b0b51d3\" data-id=\"2b0b51d3\" data-element_type=\"column\">\n\t\t\t<div class=\"elementor-widget-wrap elementor-element-populated\">\n\t\t\t\t\t\t<div class=\"elementor-element elementor-element-39c4110 elementor-invisible elementor-widget elementor-widget-image\" data-id=\"39c4110\" data-element_type=\"widget\" data-settings=\"{&quot;_animation&quot;:&quot;fadeInUp&quot;,&quot;_animation_delay&quot;:150}\" data-widget_type=\"image.default\">\n\t\t\t\t<div class=\"elementor-widget-container\">\n\t\t\t\t\t\t\t\t\t\t\t\t\t\t\t<img decoding=\"async\" src=\"https:\/\/sidiafishing.com\/wp-content\/uploads\/elementor\/thumbs\/191874-fish-1-qm9mq5r72wv1dig4otnp5pv6hpqmfvzwcgpcyb14k8.jpg\" title=\"filets de p\u00eache en action capturant des poissons frais\" alt=\"filets de p\u00eache en action capturant des poissons frais\" class=\"elementor-animation-float\" loading=\"lazy\" \/>\t\t\t\t\t\t\t\t\t\t\t\t\t\t\t<\/div>\n\t\t\t\t<\/div>\n\t\t\t\t\t<\/div>\n\t\t<\/div>\n\t\t\t\t<div class=\"elementor-column elementor-col-50 elementor-inner-column elementor-element elementor-element-2fc262a1\" data-id=\"2fc262a1\" data-element_type=\"column\">\n\t\t\t<div class=\"elementor-widget-wrap elementor-element-populated\">\n\t\t\t\t\t\t<div class=\"elementor-element elementor-element-6c22104 elementor-invisible elementor-widget elementor-widget-image\" data-id=\"6c22104\" data-element_type=\"widget\" data-settings=\"{&quot;_animation&quot;:&quot;fadeInRight&quot;,&quot;_animation_delay&quot;:200}\" data-widget_type=\"image.default\">\n\t\t\t\t<div class=\"elementor-widget-container\">\n\t\t\t\t\t\t\t\t\t\t\t\t\t\t\t<img decoding=\"async\" src=\"https:\/\/sidiafishing.com\/wp-content\/uploads\/elementor\/thumbs\/ob_c24863_download-qm9mq5r8arnr7ta09rv3jcmjpz6cql77j01g46ru44.jpeg\" title=\"filets de p\u00eache en action capturant des poissons frais\" alt=\"filets de p\u00eache en action capturant des poissons frais\" class=\"elementor-animation-float\" loading=\"lazy\" \/>\t\t\t\t\t\t\t\t\t\t\t\t\t\t\t<\/div>\n\t\t\t\t<\/div>\n\t\t\t\t\t<\/div>\n\t\t<\/div>\n\t\t\t\t\t<\/div>\n\t\t<\/section>\n\t\t\t\t\t<\/div>\n\t\t<\/div>\n\t\t\t\t\t<\/div>\n\t\t<\/section>\n\t\t\t\t<section class=\"elementor-section elementor-top-section elementor-element elementor-element-2e639589 elementor-section-boxed elementor-section-height-default elementor-section-height-default\" data-id=\"2e639589\" data-element_type=\"section\">\n\t\t\t\t\t\t\t<div class=\"elementor-background-overlay\"><\/div>\n\t\t\t\t\t\t\t<div class=\"elementor-container elementor-column-gap-default\">\n\t\t\t\t\t<div class=\"elementor-column elementor-col-50 elementor-top-column elementor-element elementor-element-23fca663 elementor-invisible\" data-id=\"23fca663\" data-element_type=\"column\" data-settings=\"{&quot;animation&quot;:&quot;fadeInUp&quot;,&quot;animation_delay&quot;:100}\">\n\t\t\t<div class=\"elementor-widget-wrap elementor-element-populated\">\n\t\t\t\t\t\t<div class=\"elementor-element elementor-element-750141b9 elementor-widget elementor-widget-heading\" data-id=\"750141b9\" data-element_type=\"widget\" data-widget_type=\"heading.default\">\n\t\t\t\t<div class=\"elementor-widget-container\">\n\t\t\t\t\t<h3 class=\"elementor-heading-title elementor-size-default\">Qualit\u00e9<\/h3>\t\t\t\t<\/div>\n\t\t\t\t<\/div>\n\t\t\t\t<div class=\"elementor-element elementor-element-602bc735 elementor-widget-divider--view-line elementor-widget elementor-widget-divider\" data-id=\"602bc735\" data-element_type=\"widget\" data-widget_type=\"divider.default\">\n\t\t\t\t<div class=\"elementor-widget-container\">\n\t\t\t\t\t\t\t<div class=\"elementor-divider\">\n\t\t\t<span class=\"elementor-divider-separator\">\n\t\t\t\t\t\t<\/span>\n\t\t<\/div>\n\t\t\t\t\t\t<\/div>\n\t\t\t\t<\/div>\n\t\t\t\t<div class=\"elementor-element elementor-element-e89bf4c elementor-widget elementor-widget-text-editor\" data-id=\"e89bf4c\" data-element_type=\"widget\" data-widget_type=\"text-editor.default\">\n\t\t\t\t<div class=\"elementor-widget-container\">\n\t\t\t\t\t\t\t\t\t<p><strong>La qualit\u00e9 est au c\u0153ur de tout ce que nous faisons.<\/strong>\u00a0 <strong>Sidia Fishing<\/strong> engage \u00e0 fournir des produits de la mer de la plus haute qualit\u00e9 \u00e0 nos clients.<\/p><p><strong>De la capture \u00e0 la livraison<\/strong>, nous maintenons des <strong>normes strictes de contr\u00f4le de la qualit\u00e9<\/strong> pour garantir la fra\u00eecheur, la saveur et la s\u00e9curit\u00e9 de nos produits. Nous sommes fiers de la qualit\u00e9 de nos produits et de <strong>la confiance de nos clients<\/strong>.<\/p>\t\t\t\t\t\t\t\t<\/div>\n\t\t\t\t<\/div>\n\t\t\t\t\t<\/div>\n\t\t<\/div>\n\t\t\t\t<div class=\"elementor-column elementor-col-50 elementor-top-column elementor-element elementor-element-77d074a elementor-invisible\" data-id=\"77d074a\" data-element_type=\"column\" data-settings=\"{&quot;animation&quot;:&quot;fadeInUp&quot;,&quot;animation_delay&quot;:100}\">\n\t\t\t<div class=\"elementor-widget-wrap elementor-element-populated\">\n\t\t\t\t\t\t<div class=\"elementor-element elementor-element-dbb81c4 elementor-widget elementor-widget-heading\" data-id=\"dbb81c4\" data-element_type=\"widget\" data-widget_type=\"heading.default\">\n\t\t\t\t<div class=\"elementor-widget-container\">\n\t\t\t\t\t<h3 class=\"elementor-heading-title elementor-size-default\">Responsabilit\u00e9 Sociale<\/h3>\t\t\t\t<\/div>\n\t\t\t\t<\/div>\n\t\t\t\t<div class=\"elementor-element elementor-element-a582761 elementor-widget-divider--view-line elementor-widget elementor-widget-divider\" data-id=\"a582761\" data-element_type=\"widget\" data-widget_type=\"divider.default\">\n\t\t\t\t<div class=\"elementor-widget-container\">\n\t\t\t\t\t\t\t<div class=\"elementor-divider\">\n\t\t\t<span class=\"elementor-divider-separator\">\n\t\t\t\t\t\t<\/span>\n\t\t<\/div>\n\t\t\t\t\t\t<\/div>\n\t\t\t\t<\/div>\n\t\t\t\t<div class=\"elementor-element elementor-element-6c07a42 elementor-widget elementor-widget-text-editor\" data-id=\"6c07a42\" data-element_type=\"widget\" data-widget_type=\"text-editor.default\">\n\t\t\t\t<div class=\"elementor-widget-container\">\n\t\t\t\t\t\t\t\t\t<p><strong>En tant que membre de la communaut\u00e9 maritime<\/strong>, nous nous engageons \u00e0 agir de mani\u00e8re socialement responsable.<\/p><p><strong>Nous valorisons nos employ\u00e9s, nos partenaires et les communaut\u00e9s dans lesquelles nous op\u00e9rons.<\/strong> Nous offrons des conditions de travail s\u00fbres et \u00e9quitables \u00e0 nos employ\u00e9s et nous contribuons au d\u00e9veloppement \u00e9conomique et social des communaut\u00e9s locales.<\/p><p><strong>Nous sommes d\u00e9termin\u00e9s \u00e0 \u00eatre un acteur positif dans notre industrie et dans le monde qui nous entoure.<\/strong><\/p>\t\t\t\t\t\t\t\t<\/div>\n\t\t\t\t<\/div>\n\t\t\t\t\t<\/div>\n\t\t<\/div>\n\t\t\t\t\t<\/div>\n\t\t<\/section>\n\t\t\t\t<section class=\"elementor-section elementor-top-section elementor-element elementor-element-40fd398 elementor-section-boxed elementor-section-height-default elementor-section-height-default\" data-id=\"40fd398\" data-element_type=\"section\" data-settings=\"{&quot;background_background&quot;:&quot;classic&quot;}\">\n\t\t\t\t\t\t\t<div class=\"elementor-background-overlay\"><\/div>\n\t\t\t\t\t\t\t<div class=\"elementor-container elementor-column-gap-default\">\n\t\t\t\t\t<div class=\"elementor-column elementor-col-50 elementor-top-column elementor-element elementor-element-05adad5 elementor-invisible\" data-id=\"05adad5\" data-element_type=\"column\" data-settings=\"{&quot;animation&quot;:&quot;fadeInUp&quot;,&quot;animation_delay&quot;:100}\">\n\t\t\t<div class=\"elementor-widget-wrap elementor-element-populated\">\n\t\t\t\t\t\t<div class=\"elementor-element elementor-element-76a8826 elementor-widget elementor-widget-heading\" data-id=\"76a8826\" data-element_type=\"widget\" data-widget_type=\"heading.default\">\n\t\t\t\t<div class=\"elementor-widget-container\">\n\t\t\t\t\t<h3 class=\"elementor-heading-title elementor-size-default\">Innovation<\/h3>\t\t\t\t<\/div>\n\t\t\t\t<\/div>\n\t\t\t\t<div class=\"elementor-element elementor-element-3bf05a9 elementor-widget-divider--view-line elementor-widget elementor-widget-divider\" data-id=\"3bf05a9\" data-element_type=\"widget\" data-widget_type=\"divider.default\">\n\t\t\t\t<div class=\"elementor-widget-container\">\n\t\t\t\t\t\t\t<div class=\"elementor-divider\">\n\t\t\t<span class=\"elementor-divider-separator\">\n\t\t\t\t\t\t<\/span>\n\t\t<\/div>\n\t\t\t\t\t\t<\/div>\n\t\t\t\t<\/div>\n\t\t\t\t<div class=\"elementor-element elementor-element-4909580 elementor-widget elementor-widget-text-editor\" data-id=\"4909580\" data-element_type=\"widget\" data-widget_type=\"text-editor.default\">\n\t\t\t\t<div class=\"elementor-widget-container\">\n\t\t\t\t\t\t\t\t\t<p><strong>L&rsquo;innovation est essentielle pour garantir notre succ\u00e8s \u00e0 long terme.<\/strong> <strong>Sidia Fishing investie<\/strong> dans la recherche et le d\u00e9veloppement de nouvelles technologies et de nouvelles pratiques pour am\u00e9liorer nos op\u00e9rations et r\u00e9duire notre impact environnemental.<\/p><p><strong>Nous cherchons constamment \u00e0 innover<\/strong> dans tous les aspects de notre entreprise, de la <strong>p\u00eache<\/strong> \u00e0 la <strong>transformation<\/strong>, pour r\u00e9pondre aux besoins sp\u00e9cifiques de chaque client et de notre plan\u00e8te.<\/p>\t\t\t\t\t\t\t\t<\/div>\n\t\t\t\t<\/div>\n\t\t\t\t\t<\/div>\n\t\t<\/div>\n\t\t\t\t<div class=\"elementor-column elementor-col-50 elementor-top-column elementor-element elementor-element-cf9a077 elementor-invisible\" data-id=\"cf9a077\" data-element_type=\"column\" data-settings=\"{&quot;animation&quot;:&quot;fadeInUp&quot;,&quot;animation_delay&quot;:100}\">\n\t\t\t<div class=\"elementor-widget-wrap elementor-element-populated\">\n\t\t\t\t\t\t<div class=\"elementor-element elementor-element-9c3ac43 elementor-widget elementor-widget-heading\" data-id=\"9c3ac43\" data-element_type=\"widget\" data-widget_type=\"heading.default\">\n\t\t\t\t<div class=\"elementor-widget-container\">\n\t\t\t\t\t<h3 class=\"elementor-heading-title elementor-size-default\">Transparence<\/h3>\t\t\t\t<\/div>\n\t\t\t\t<\/div>\n\t\t\t\t<div class=\"elementor-element elementor-element-094178b elementor-widget-divider--view-line elementor-widget elementor-widget-divider\" data-id=\"094178b\" data-element_type=\"widget\" data-widget_type=\"divider.default\">\n\t\t\t\t<div class=\"elementor-widget-container\">\n\t\t\t\t\t\t\t<div class=\"elementor-divider\">\n\t\t\t<span class=\"elementor-divider-separator\">\n\t\t\t\t\t\t<\/span>\n\t\t<\/div>\n\t\t\t\t\t\t<\/div>\n\t\t\t\t<\/div>\n\t\t\t\t<div class=\"elementor-element elementor-element-fef91cd elementor-widget elementor-widget-text-editor\" data-id=\"fef91cd\" data-element_type=\"widget\" data-widget_type=\"text-editor.default\">\n\t\t\t\t<div class=\"elementor-widget-container\">\n\t\t\t\t\t\t\t\t\t<p><strong>Nous croyons en la transparence et en l&rsquo;ouverture.<\/strong> <strong>Sidia Fishing s&rsquo;engageons \u00e0 fournir des informations pr\u00e9cises<\/strong> et compl\u00e8tes sur nos produits, nos pratiques et nos performances environnementales et sociales.<\/p><p>Nous sommes ouverts aux questions et aux commentaires de nos clients et de nos parties prenantes, et nous\u00a0 am\u00e9liorons nos pratiques en fonction de leurs retours.<\/p>\t\t\t\t\t\t\t\t<\/div>\n\t\t\t\t<\/div>\n\t\t\t\t\t<\/div>\n\t\t<\/div>\n\t\t\t\t\t<\/div>\n\t\t<\/section>\n\t\t<div class=\"elementor-element elementor-element-0851450 e-flex e-con-boxed e-con e-parent\" data-id=\"0851450\" data-element_type=\"container\">\n\t\t\t\t\t<div class=\"e-con-inner\">\n\t\t\t\t<div class=\"elementor-element elementor-element-f888399 elementor-widget elementor-widget-spacer\" data-id=\"f888399\" data-element_type=\"widget\" data-widget_type=\"spacer.default\">\n\t\t\t\t<div class=\"elementor-widget-container\">\n\t\t\t\t\t\t\t<div class=\"elementor-spacer\">\n\t\t\t<div class=\"elementor-spacer-inner\"><\/div>\n\t\t<\/div>\n\t\t\t\t\t\t<\/div>\n\t\t\t\t<\/div>\n\t\t\t\t<div class=\"elementor-element elementor-element-e43106a elementor-widget elementor-widget-heading\" data-id=\"e43106a\" data-element_type=\"widget\" data-widget_type=\"heading.default\">\n\t\t\t\t<div class=\"elementor-widget-container\">\n\t\t\t\t\t<h2 class=\"elementor-heading-title elementor-size-default\">SIDIA FISHING, c'est : <\/h2>\t\t\t\t<\/div>\n\t\t\t\t<\/div>\n\t\t\t\t\t<\/div>\n\t\t\t\t<\/div>\n\t\t<div class=\"elementor-element elementor-element-1318c5e e-flex e-con-boxed e-con e-parent\" data-id=\"1318c5e\" data-element_type=\"container\">\n\t\t\t\t\t<div class=\"e-con-inner\">\n\t\t\t\t<div class=\"elementor-element elementor-element-1baeeb0 elementor-widget elementor-widget-text-editor\" data-id=\"1baeeb0\" data-element_type=\"widget\" data-widget_type=\"text-editor.default\">\n\t\t\t\t<div class=\"elementor-widget-container\">\n\t\t\t\t\t\t\t\t\t<p class=\"whitespace-pre-wrap break-words\"><strong>1. Engagements durables et responsabilit\u00e9 environnementale<\/strong> Notre approche int\u00e8gre des principes de responsabilit\u00e9 \u00e9cologique \u00e0 chaque \u00e9tape de production. Nous adoptons des m\u00e9thodes de p\u00eache qui pr\u00e9servent l&rsquo;\u00e9quilibre des \u00e9cosyst\u00e8mes marins, avec des quotas stricts, des captures s\u00e9lectives et un engagement constant pour des technologies moins invasives. Chaque d\u00e9cision consid\u00e8re des crit\u00e8res environnementaux et sociaux, cr\u00e9ant un mod\u00e8le vertueux b\u00e9n\u00e9fique tant aux oc\u00e9ans qu&rsquo;aux communaut\u00e9s locales.<\/p><p class=\"whitespace-pre-wrap break-words\"><strong>2. Respect des \u00e9cosyst\u00e8mes marins<\/strong> Nous consid\u00e9rons chaque esp\u00e8ce marine comme essentielle \u00e0 l&rsquo;\u00e9quilibre oc\u00e9anique. Nos techniques de p\u00eache minimisent les perturbations : captures s\u00e9lectives, \u00e9vitement des zones de reproduction, limitation des prises accessoires. Des technologies avanc\u00e9es nous permettent de cartographier les zones de biodiversit\u00e9 sensible, garantissant la pr\u00e9servation des habitats critiques.<\/p><p class=\"whitespace-pre-wrap break-words\"><strong>3. Protection des ressources marines<\/strong> La protection des ressources marines passe par le respect strict des quotas internationaux et un suivi scientifique permanent. Des syst\u00e8mes de monitoring en temps r\u00e9el \u00e9valuent l&rsquo;\u00e9tat des populations de poissons, permettant des ajustements constants. Des programmes de repeuplement contribuent \u00e0 la r\u00e9g\u00e9n\u00e9ration des stocks, tandis que la formation des communaut\u00e9s locales aux pratiques durables renforce notre approche conservatrice.<\/p>\t\t\t\t\t\t\t\t<\/div>\n\t\t\t\t<\/div>\n\t\t\t\t\t<\/div>\n\t\t\t\t<\/div>\n\t\t<div class=\"elementor-element elementor-element-8672fc2 e-flex e-con-boxed e-con e-parent\" data-id=\"8672fc2\" data-element_type=\"container\">\n\t\t\t\t\t<div class=\"e-con-inner\">\n\t\t\t\t<div class=\"elementor-element elementor-element-dd21828 elementor-widget elementor-widget-image\" data-id=\"dd21828\" data-element_type=\"widget\" data-widget_type=\"image.default\">\n\t\t\t\t<div class=\"elementor-widget-container\">\n\t\t\t\t\t\t\t\t\t\t\t\t\t\t\t<img fetchpriority=\"high\" decoding=\"async\" width=\"768\" height=\"432\" src=\"https:\/\/sidiafishing.com\/wp-content\/uploads\/2024\/12\/sidia-fishing-bateau-05.jpeg\" class=\"attachment-large size-large wp-image-1064\" alt=\"sidia fishing bateau\" srcset=\"https:\/\/sidiafishing.com\/wp-content\/uploads\/2024\/12\/sidia-fishing-bateau-05.jpeg 768w, https:\/\/sidiafishing.com\/wp-content\/uploads\/2024\/12\/sidia-fishing-bateau-05-300x169.jpeg 300w\" sizes=\"(max-width: 768px) 100vw, 768px\" \/>\t\t\t\t\t\t\t\t\t\t\t\t\t\t\t<\/div>\n\t\t\t\t<\/div>\n\t\t\t\t\t<\/div>\n\t\t\t\t<\/div>\n\t\t\t\t<\/div>\n\t\t","protected":false},"excerpt":{"rendered":"<p>Nos Engagements Durabilit\u00e9 Sidia Fishing pratique une p\u00eache durable et responsable. Nous adoptons des techniques de p\u00eache s\u00e9lectives et des m\u00e9thodes respectueuses de l&rsquo;environnement pour minimiser notre impact sur les \u00e9cosyst\u00e8mes marins. Notre objectif est de pr\u00e9server les ressources marines pour les g\u00e9n\u00e9rations futures en respectant les quotas de p\u00eache, en prot\u00e9geant les habitats marins [&hellip;]<\/p>\n","protected":false},"author":1,"featured_media":0,"parent":0,"menu_order":0,"comment_status":"closed","ping_status":"closed","template":"","meta":{"footnotes":""},"class_list":["post-16","page","type-page","status-publish","hentry"],"_links":{"self":[{"href":"https:\/\/sidiafishing.com\/index.php\/wp-json\/wp\/v2\/pages\/16","targetHints":{"allow":["GET"]}}],"collection":[{"href":"https:\/\/sidiafishing.com\/index.php\/wp-json\/wp\/v2\/pages"}],"about":[{"href":"https:\/\/sidiafishing.com\/index.php\/wp-json\/wp\/v2\/types\/page"}],"author":[{"embeddable":true,"href":"https:\/\/sidiafishing.com\/index.php\/wp-json\/wp\/v2\/users\/1"}],"replies":[{"embeddable":true,"href":"https:\/\/sidiafishing.com\/index.php\/wp-json\/wp\/v2\/comments?post=16"}],"version-history":[{"count":46,"href":"https:\/\/sidiafishing.com\/index.php\/wp-json\/wp\/v2\/pages\/16\/revisions"}],"predecessor-version":[{"id":1067,"href":"https:\/\/sidiafishing.com\/index.php\/wp-json\/wp\/v2\/pages\/16\/revisions\/1067"}],"wp:attachment":[{"href":"https:\/\/sidiafishing.com\/index.php\/wp-json\/wp\/v2\/media?parent=16"}],"curies":[{"name":"wp","href":"https:\/\/api.w.org\/{rel}","templated":true}]}}