{"id":669,"date":"2024-11-06T15:30:43","date_gmt":"2024-11-06T14:30:43","guid":{"rendered":"https:\/\/sidiafishing.com\/?page_id=669"},"modified":"2024-11-12T17:58:13","modified_gmt":"2024-11-12T16:58:13","slug":"pecherie-produits-et-services","status":"publish","type":"page","link":"https:\/\/sidiafishing.com\/index.php\/pecherie-produits-et-services\/","title":{"rendered":"P\u00eache en haute mer : Produits et services"},"content":{"rendered":"\t\t<div data-elementor-type=\"wp-page\" data-elementor-id=\"669\" class=\"elementor elementor-669\">\n\t\t\t\t<div class=\"elementor-element elementor-element-dece2b3 e-flex e-con-boxed e-con e-parent\" data-id=\"dece2b3\" data-element_type=\"container\">\n\t\t\t\t\t<div class=\"e-con-inner\">\n\t\t\t\t<div class=\"elementor-element elementor-element-27dc1a8 elementor-widget elementor-widget-text-editor\" data-id=\"27dc1a8\" data-element_type=\"widget\" data-widget_type=\"text-editor.default\">\n\t\t\t\t<div class=\"elementor-widget-container\">\n\t\t\t\t\t\t\t\t\t<p><strong>Sidia Fishing<\/strong> est la somme d&rsquo;un d\u00e9veloppement technique et pratique depuis sa cr\u00e9ation. Notre capacit\u00e9 d&rsquo;action nous permet de vous fournir l&rsquo;ensemble des produits de la mer \u00e0 notre disposition, tout en gardant une volont\u00e9 de d\u00e9veloppement durable dans notre espace de p\u00eache.<\/p>\t\t\t\t\t\t\t\t<\/div>\n\t\t\t\t<\/div>\n\t\t\t\t\t<\/div>\n\t\t\t\t<\/div>\n\t\t<div class=\"elementor-element elementor-element-0e8a169 e-flex e-con-boxed e-con e-parent\" data-id=\"0e8a169\" data-element_type=\"container\">\n\t\t\t\t\t<div class=\"e-con-inner\">\n\t\t<div class=\"elementor-element elementor-element-035c1cd e-con-full e-flex e-con e-child\" data-id=\"035c1cd\" data-element_type=\"container\">\n\t\t\t\t<div class=\"elementor-element elementor-element-9b7a7c4 elementor-widget elementor-widget-heading\" data-id=\"9b7a7c4\" data-element_type=\"widget\" data-widget_type=\"heading.default\">\n\t\t\t\t<div class=\"elementor-widget-container\">\n\t\t\t\t\t<h2 class=\"elementor-heading-title elementor-size-default\">Une flotte professionnel<\/h2>\t\t\t\t<\/div>\n\t\t\t\t<\/div>\n\t\t\t\t<div class=\"elementor-element elementor-element-9ab714b elementor-widget elementor-widget-text-editor\" data-id=\"9ab714b\" data-element_type=\"widget\" data-widget_type=\"text-editor.default\">\n\t\t\t\t<div class=\"elementor-widget-container\">\n\t\t\t\t\t\t\t\t\t<p><strong><span class=\"OYPEnA font-feature-liga-off font-feature-clig-off font-feature-calt-off text-decoration-none text-strikethrough-none\">Notre <\/span><\/strong><span class=\"OYPEnA font-feature-liga-off font-feature-clig-off font-feature-calt-off text-decoration-none text-strikethrough-none\"><strong>flotte de bateaux de p\u00eache<\/strong> <\/span><span class=\"OYPEnA font-feature-liga-off font-feature-clig-off font-feature-calt-off text-decoration-none text-strikethrough-none\">constitue l&rsquo;\u00e9pine dorsale de notre activit\u00e9. Nous avons investi dans des navires techniques pour garantir des <\/span><span class=\"OYPEnA font-feature-liga-off font-feature-clig-off font-feature-calt-off text-decoration-none text-strikethrough-none\">prises abondantes<\/span><span class=\"OYPEnA font-feature-liga-off font-feature-clig-off font-feature-calt-off text-decoration-none text-strikethrough-none\"> et de <\/span><span class=\"OYPEnA font-feature-liga-off font-feature-clig-off font-feature-calt-off text-decoration-none text-strikethrough-none\">haute qualit\u00e9<\/span><span class=\"OYPEnA font-feature-liga-off font-feature-clig-off font-feature-calt-off text-decoration-none text-strikethrough-none\">. Con\u00e7u pour maximiser l&rsquo;<\/span><span class=\"OYPEnA font-feature-liga-off font-feature-clig-off font-feature-calt-off text-decoration-none text-strikethrough-none\">efficacit\u00e9 op\u00e9rationnelle<\/span><span class=\"OYPEnA font-feature-liga-off font-feature-clig-off font-feature-calt-off text-decoration-none text-strikethrough-none\">, <strong>Chaque bateau respecte les normes de durabilit\u00e9, qualit\u00e9 des produits et de s\u00e9curit\u00e9.<\/strong><\/span><\/p>\t\t\t\t\t\t\t\t<\/div>\n\t\t\t\t<\/div>\n\t\t\t\t<\/div>\n\t\t<div class=\"elementor-element elementor-element-bfeb356 e-con-full e-flex e-con e-child\" data-id=\"bfeb356\" data-element_type=\"container\">\n\t\t\t\t<div class=\"elementor-element elementor-element-0087c78 elementor-widget elementor-widget-image\" data-id=\"0087c78\" data-element_type=\"widget\" data-widget_type=\"image.default\">\n\t\t\t\t<div class=\"elementor-widget-container\">\n\t\t\t\t\t\t\t\t\t\t\t\t\t\t\t<img fetchpriority=\"high\" decoding=\"async\" width=\"800\" height=\"600\" src=\"https:\/\/sidiafishing.com\/wp-content\/uploads\/2024\/09\/IMG-20240915-WA0012-1024x768.jpg\" class=\"attachment-large size-large wp-image-366\" alt=\"Un bateau de p\u00eache naviguant\" srcset=\"https:\/\/sidiafishing.com\/wp-content\/uploads\/2024\/09\/IMG-20240915-WA0012-1024x768.jpg 1024w, https:\/\/sidiafishing.com\/wp-content\/uploads\/2024\/09\/IMG-20240915-WA0012-300x225.jpg 300w, https:\/\/sidiafishing.com\/wp-content\/uploads\/2024\/09\/IMG-20240915-WA0012-768x576.jpg 768w, https:\/\/sidiafishing.com\/wp-content\/uploads\/2024\/09\/IMG-20240915-WA0012-1536x1152.jpg 1536w, https:\/\/sidiafishing.com\/wp-content\/uploads\/2024\/09\/IMG-20240915-WA0012.jpg 1600w\" sizes=\"(max-width: 800px) 100vw, 800px\" \/>\t\t\t\t\t\t\t\t\t\t\t\t\t\t\t<\/div>\n\t\t\t\t<\/div>\n\t\t\t\t<\/div>\n\t\t\t\t\t<\/div>\n\t\t\t\t<\/div>\n\t\t<div class=\"elementor-element elementor-element-635c92a e-flex e-con-boxed e-con e-parent\" data-id=\"635c92a\" data-element_type=\"container\">\n\t\t\t\t\t<div class=\"e-con-inner\">\n\t\t<div class=\"elementor-element elementor-element-023d441 e-con-full e-flex e-con e-child\" data-id=\"023d441\" data-element_type=\"container\">\n\t\t\t\t<div class=\"elementor-element elementor-element-30f3f63 elementor-widget elementor-widget-image\" data-id=\"30f3f63\" data-element_type=\"widget\" data-widget_type=\"image.default\">\n\t\t\t\t<div class=\"elementor-widget-container\">\n\t\t\t\t\t\t\t\t\t\t\t\t\t\t\t<img decoding=\"async\" width=\"800\" height=\"600\" src=\"https:\/\/sidiafishing.com\/wp-content\/uploads\/2024\/09\/IMG-20240915-WA0016-1024x768.jpg\" class=\"attachment-large size-large wp-image-370\" alt=\"Bateau de p\u00eache en haute mer tirant des filets\" srcset=\"https:\/\/sidiafishing.com\/wp-content\/uploads\/2024\/09\/IMG-20240915-WA0016-1024x768.jpg 1024w, https:\/\/sidiafishing.com\/wp-content\/uploads\/2024\/09\/IMG-20240915-WA0016-300x225.jpg 300w, https:\/\/sidiafishing.com\/wp-content\/uploads\/2024\/09\/IMG-20240915-WA0016-768x576.jpg 768w, https:\/\/sidiafishing.com\/wp-content\/uploads\/2024\/09\/IMG-20240915-WA0016-1536x1152.jpg 1536w, https:\/\/sidiafishing.com\/wp-content\/uploads\/2024\/09\/IMG-20240915-WA0016.jpg 1600w\" sizes=\"(max-width: 800px) 100vw, 800px\" \/>\t\t\t\t\t\t\t\t\t\t\t\t\t\t\t<\/div>\n\t\t\t\t<\/div>\n\t\t\t\t<\/div>\n\t\t<div class=\"elementor-element elementor-element-f5916d2 e-con-full e-flex e-con e-child\" data-id=\"f5916d2\" data-element_type=\"container\">\n\t\t\t\t<div class=\"elementor-element elementor-element-7259510 elementor-widget elementor-widget-heading\" data-id=\"7259510\" data-element_type=\"widget\" data-widget_type=\"heading.default\">\n\t\t\t\t<div class=\"elementor-widget-container\">\n\t\t\t\t\t<h2 class=\"elementor-heading-title elementor-size-default\">P\u00caCHE : Exp\u00e9rience des \u00e9quipes<\/h2>\t\t\t\t<\/div>\n\t\t\t\t<\/div>\n\t\t\t\t<div class=\"elementor-element elementor-element-694d534 elementor-widget elementor-widget-text-editor\" data-id=\"694d534\" data-element_type=\"widget\" data-widget_type=\"text-editor.default\">\n\t\t\t\t<div class=\"elementor-widget-container\">\n\t\t\t\t\t\t\t\t\t<p class=\"cvGsUA direction-ltr align-justify para-style-body\"><strong><span class=\"OYPEnA font-feature-liga-off font-feature-clig-off font-feature-calt-off text-decoration-none text-strikethrough-none\">L&rsquo;exp\u00e9rience de nos \u00e9quipes est un atout majeur pour assurer <\/span><span class=\"OYPEnA font-feature-liga-off font-feature-clig-off font-feature-calt-off text-decoration-none text-strikethrough-none\">l&rsquo;efficacit\u00e9 et la qualit\u00e9 <\/span><\/strong><span class=\"OYPEnA font-feature-liga-off font-feature-clig-off font-feature-calt-off text-decoration-none text-strikethrough-none\"><strong>de nos produits.<\/strong> Nos marins, sont capables de g\u00e9rer les op\u00e9rations de mani\u00e8re optimale, en minimisant les pertes et en maximisant les prises.<\/span><\/p><p class=\"cvGsUA direction-ltr align-justify para-style-body\"><span class=\"OYPEnA font-feature-liga-off font-feature-clig-off font-feature-calt-off text-decoration-none text-strikethrough-none\">Leur expertise<\/span><span class=\"OYPEnA font-feature-liga-off font-feature-clig-off font-feature-calt-off text-decoration-none text-strikethrough-none\"> permet de garantir que chaque produit est trait\u00e9 avec le plus grand soin d\u00e8s sa capture, pr\u00e9servant ainsi sa fra\u00eecheur et sa qualit\u00e9.<\/span><\/p>\t\t\t\t\t\t\t\t<\/div>\n\t\t\t\t<\/div>\n\t\t\t\t<\/div>\n\t\t\t\t\t<\/div>\n\t\t\t\t<\/div>\n\t\t<div class=\"elementor-element elementor-element-4e4cf26 e-flex e-con-boxed e-con e-parent\" data-id=\"4e4cf26\" data-element_type=\"container\">\n\t\t\t\t\t<div class=\"e-con-inner\">\n\t\t<div class=\"elementor-element elementor-element-be15bc4 e-con-full e-flex e-con e-child\" data-id=\"be15bc4\" data-element_type=\"container\">\n\t\t\t\t<div class=\"elementor-element elementor-element-b0d0842 elementor-widget elementor-widget-heading\" data-id=\"b0d0842\" data-element_type=\"widget\" data-widget_type=\"heading.default\">\n\t\t\t\t<div class=\"elementor-widget-container\">\n\t\t\t\t\t<h2 class=\"elementor-heading-title elementor-size-default\">Transformation des produits de la mer : d\u00e9lai, qualit\u00e9<\/h2>\t\t\t\t<\/div>\n\t\t\t\t<\/div>\n\t\t\t\t<div class=\"elementor-element elementor-element-b970582 elementor-widget elementor-widget-text-editor\" data-id=\"b970582\" data-element_type=\"widget\" data-widget_type=\"text-editor.default\">\n\t\t\t\t<div class=\"elementor-widget-container\">\n\t\t\t\t\t\t\t\t\t<p class=\"cvGsUA direction-ltr align-justify para-style-body\"><strong><span class=\"OYPEnA font-feature-liga-off font-feature-clig-off font-feature-calt-off text-decoration-none text-strikethrough-none\">Tous nos produits passent par une <\/span><span class=\"OYPEnA font-feature-liga-off font-feature-clig-off font-feature-calt-off text-decoration-none text-strikethrough-none\">unit\u00e9 de transformation<\/span><\/strong><span class=\"OYPEnA font-feature-liga-off font-feature-clig-off font-feature-calt-off text-decoration-none text-strikethrough-none\"><strong> agr\u00e9\u00e9e pour l\u2019exportation vers l\u2019Union europ\u00e9enne.<\/strong> Cette certification garantit non seulement<\/span><span class=\"OYPEnA font-feature-liga-off font-feature-clig-off font-feature-calt-off text-decoration-none text-strikethrough-none\"> la fra\u00eecheur<\/span><span class=\"OYPEnA font-feature-liga-off font-feature-clig-off font-feature-calt-off text-decoration-none text-strikethrough-none\"> et la<\/span><span class=\"OYPEnA font-feature-liga-off font-feature-clig-off font-feature-calt-off text-decoration-none text-strikethrough-none\"> qualit\u00e9<\/span><span class=\"OYPEnA font-feature-liga-off font-feature-clig-off font-feature-calt-off text-decoration-none text-strikethrough-none\"> de nos produits, mais aussi la <\/span><span class=\"OYPEnA font-feature-liga-off font-feature-clig-off font-feature-calt-off text-decoration-none text-strikethrough-none\">tra\u00e7abilit\u00e9 compl\u00e8te<\/span><span class=\"OYPEnA font-feature-liga-off font-feature-clig-off font-feature-calt-off text-decoration-none text-strikethrough-none\">, de la mer jusqu\u2019\u00e0 l\u2019assiette.<\/span><\/p><p class=\"cvGsUA direction-ltr align-justify para-style-body\"><strong><span class=\"OYPEnA font-feature-liga-off font-feature-clig-off font-feature-calt-off text-decoration-none text-strikethrough-none\">Nos installations permettent de <\/span><span class=\"OYPEnA font-feature-liga-off font-feature-clig-off font-feature-calt-off text-decoration-none text-strikethrough-none\">respecter les d\u00e9lais d\u2019exp\u00e9dition<\/span><span class=\"OYPEnA font-feature-liga-off font-feature-clig-off font-feature-calt-off text-decoration-none text-strikethrough-none\">, tout en maintenant des <\/span><span class=\"OYPEnA font-feature-liga-off font-feature-clig-off font-feature-calt-off text-decoration-none text-strikethrough-none\">standards \u00e9lev\u00e9s<\/span><span class=\"OYPEnA font-feature-liga-off font-feature-clig-off font-feature-calt-off text-decoration-none text-strikethrough-none\"> en mati\u00e8re <\/span><span class=\"OYPEnA font-feature-liga-off font-feature-clig-off font-feature-calt-off text-decoration-none text-strikethrough-none\">d\u2019hygi\u00e8ne<\/span><span class=\"OYPEnA font-feature-liga-off font-feature-clig-off font-feature-calt-off text-decoration-none text-strikethrough-none\"> et de <\/span><span class=\"OYPEnA font-feature-liga-off font-feature-clig-off font-feature-calt-off text-decoration-none text-strikethrough-none\">s\u00e9curit\u00e9 alimentaire<\/span><span class=\"OYPEnA font-feature-liga-off font-feature-clig-off font-feature-calt-off text-decoration-none text-strikethrough-none\">.<\/span><\/strong><\/p>\t\t\t\t\t\t\t\t<\/div>\n\t\t\t\t<\/div>\n\t\t\t\t<\/div>\n\t\t<div class=\"elementor-element elementor-element-1440a7c e-con-full e-flex e-con e-child\" data-id=\"1440a7c\" data-element_type=\"container\">\n\t\t\t\t<div class=\"elementor-element elementor-element-b409815 elementor-widget elementor-widget-image\" data-id=\"b409815\" data-element_type=\"widget\" data-widget_type=\"image.default\">\n\t\t\t\t<div class=\"elementor-widget-container\">\n\t\t\t\t\t\t\t\t\t\t\t\t\t\t\t<img decoding=\"async\" width=\"800\" height=\"600\" src=\"https:\/\/sidiafishing.com\/wp-content\/uploads\/2024\/09\/IMG-20240910-WA0008-1024x768.jpg\" class=\"attachment-large size-large wp-image-354\" alt=\"P\u00eache en action\" srcset=\"https:\/\/sidiafishing.com\/wp-content\/uploads\/2024\/09\/IMG-20240910-WA0008-1024x768.jpg 1024w, https:\/\/sidiafishing.com\/wp-content\/uploads\/2024\/09\/IMG-20240910-WA0008-300x225.jpg 300w, https:\/\/sidiafishing.com\/wp-content\/uploads\/2024\/09\/IMG-20240910-WA0008-768x576.jpg 768w, https:\/\/sidiafishing.com\/wp-content\/uploads\/2024\/09\/IMG-20240910-WA0008-1536x1152.jpg 1536w, https:\/\/sidiafishing.com\/wp-content\/uploads\/2024\/09\/IMG-20240910-WA0008.jpg 1600w\" sizes=\"(max-width: 800px) 100vw, 800px\" \/>\t\t\t\t\t\t\t\t\t\t\t\t\t\t\t<\/div>\n\t\t\t\t<\/div>\n\t\t\t\t<\/div>\n\t\t\t\t\t<\/div>\n\t\t\t\t<\/div>\n\t\t<div class=\"elementor-element elementor-element-c0b111c e-flex e-con-boxed e-con e-parent\" data-id=\"c0b111c\" data-element_type=\"container\">\n\t\t\t\t\t<div class=\"e-con-inner\">\n\t\t\t\t<div class=\"elementor-element elementor-element-3db2e73 elementor-widget elementor-widget-text-editor\" data-id=\"3db2e73\" data-element_type=\"widget\" data-widget_type=\"text-editor.default\">\n\t\t\t\t<div class=\"elementor-widget-container\">\n\t\t\t\t\t\t\t\t\t<h2>L\u2019\u00e9troite collaboration entre nos \u00e9quipes et les responsables de march\u00e9s, nous permet de r\u00e9pondre aux besoins en importation et exportation des produits de la mer.<\/h2>\t\t\t\t\t\t\t\t<\/div>\n\t\t\t\t<\/div>\n\t\t\t\t\t<\/div>\n\t\t\t\t<\/div>\n\t\t<div class=\"elementor-element elementor-element-e3a4f42 e-flex e-con-boxed e-con e-parent\" data-id=\"e3a4f42\" data-element_type=\"container\">\n\t\t\t\t\t<div class=\"e-con-inner\">\n\t\t\t\t<div class=\"elementor-element elementor-element-0470aac elementor-widget elementor-widget-image\" data-id=\"0470aac\" data-element_type=\"widget\" data-widget_type=\"image.default\">\n\t\t\t\t<div class=\"elementor-widget-container\">\n\t\t\t\t\t\t\t\t\t\t\t\t\t\t\t<img loading=\"lazy\" decoding=\"async\" width=\"678\" height=\"732\" src=\"https:\/\/sidiafishing.com\/wp-content\/uploads\/2024\/11\/sidia-fishing-importation-exportation-poisson-europe.jpg\" class=\"attachment-large size-large wp-image-616\" alt=\"sidia fishing importation exportation poisson-europe\" srcset=\"https:\/\/sidiafishing.com\/wp-content\/uploads\/2024\/11\/sidia-fishing-importation-exportation-poisson-europe.jpg 678w, https:\/\/sidiafishing.com\/wp-content\/uploads\/2024\/11\/sidia-fishing-importation-exportation-poisson-europe-278x300.jpg 278w\" sizes=\"(max-width: 678px) 100vw, 678px\" \/>\t\t\t\t\t\t\t\t\t\t\t\t\t\t\t<\/div>\n\t\t\t\t<\/div>\n\t\t\t\t\t<\/div>\n\t\t\t\t<\/div>\n\t\t<div class=\"elementor-element elementor-element-6f863a2 e-flex e-con-boxed e-con e-parent\" data-id=\"6f863a2\" data-element_type=\"container\">\n\t\t\t\t\t<div class=\"e-con-inner\">\n\t\t<div class=\"elementor-element elementor-element-1304003 e-con-full e-flex e-con e-child\" data-id=\"1304003\" data-element_type=\"container\">\n\t\t\t\t<div class=\"elementor-element elementor-element-a48c705 elementor-widget elementor-widget-image\" data-id=\"a48c705\" data-element_type=\"widget\" data-widget_type=\"image.default\">\n\t\t\t\t<div class=\"elementor-widget-container\">\n\t\t\t\t\t\t\t\t\t\t\t\t\t\t\t<img loading=\"lazy\" decoding=\"async\" width=\"640\" height=\"427\" src=\"https:\/\/sidiafishing.com\/wp-content\/uploads\/2024\/11\/expedition-par-avion-pour-produit-frais.jpg\" class=\"attachment-large size-large wp-image-766\" alt=\"expedition par avion pour produit frais\" srcset=\"https:\/\/sidiafishing.com\/wp-content\/uploads\/2024\/11\/expedition-par-avion-pour-produit-frais.jpg 640w, https:\/\/sidiafishing.com\/wp-content\/uploads\/2024\/11\/expedition-par-avion-pour-produit-frais-300x200.jpg 300w\" sizes=\"(max-width: 640px) 100vw, 640px\" \/>\t\t\t\t\t\t\t\t\t\t\t\t\t\t\t<\/div>\n\t\t\t\t<\/div>\n\t\t\t\t<\/div>\n\t\t<div class=\"elementor-element elementor-element-d107c55 e-con-full e-flex e-con e-child\" data-id=\"d107c55\" data-element_type=\"container\">\n\t\t\t\t<div class=\"elementor-element elementor-element-806ce68 elementor-widget elementor-widget-heading\" data-id=\"806ce68\" data-element_type=\"widget\" data-widget_type=\"heading.default\">\n\t\t\t\t<div class=\"elementor-widget-container\">\n\t\t\t\t\t<h2 class=\"elementor-heading-title elementor-size-default\">Exp\u00e9dition par avion pour nos produits frais<\/h2>\t\t\t\t<\/div>\n\t\t\t\t<\/div>\n\t\t\t\t<div class=\"elementor-element elementor-element-f676e49 elementor-widget elementor-widget-text-editor\" data-id=\"f676e49\" data-element_type=\"widget\" data-widget_type=\"text-editor.default\">\n\t\t\t\t<div class=\"elementor-widget-container\">\n\t\t\t\t\t\t\t\t\t<p class=\"cvGsUA direction-ltr align-justify para-style-body\"><span class=\"OYPEnA font-feature-liga-off font-feature-clig-off font-feature-calt-off text-decoration-none text-strikethrough-none\">Nous utilisons des m\u00e9thodes de conservation avanc\u00e9es pour les <\/span><span class=\"OYPEnA font-feature-liga-off font-feature-clig-off font-feature-calt-off text-decoration-none text-strikethrough-none\">produits frais<\/span><span class=\"OYPEnA font-feature-liga-off font-feature-clig-off font-feature-calt-off text-decoration-none text-strikethrough-none\"> exp\u00e9di\u00e9s par avion.<\/span><\/p><p class=\"cvGsUA direction-ltr align-justify para-style-body\"><strong><span class=\"OYPEnA font-feature-liga-off font-feature-clig-off font-feature-calt-off text-decoration-none text-strikethrough-none\">Notre d\u00e9lai de livraison par avion est de 24h<\/span><span class=\"OYPEnA font-feature-liga-off font-feature-clig-off font-feature-calt-off text-decoration-none text-strikethrough-none\"> avec une capacit\u00e9 d&rsquo;exp\u00e9dition qui varie de 500 kg \u00e0 3 tonnes.<\/span><\/strong><\/p>\t\t\t\t\t\t\t\t<\/div>\n\t\t\t\t<\/div>\n\t\t\t\t<\/div>\n\t\t\t\t\t<\/div>\n\t\t\t\t<\/div>\n\t\t<div class=\"elementor-element elementor-element-d9fe154 e-flex e-con-boxed e-con e-parent\" data-id=\"d9fe154\" data-element_type=\"container\">\n\t\t\t\t\t<div class=\"e-con-inner\">\n\t\t<div class=\"elementor-element elementor-element-66416bb e-con-full e-flex e-con e-child\" data-id=\"66416bb\" data-element_type=\"container\">\n\t\t\t\t<div class=\"elementor-element elementor-element-17793d9 elementor-widget elementor-widget-heading\" data-id=\"17793d9\" data-element_type=\"widget\" data-widget_type=\"heading.default\">\n\t\t\t\t<div class=\"elementor-widget-container\">\n\t\t\t\t\t<h2 class=\"elementor-heading-title elementor-size-default\">Exp\u00e9dition par bateau : Cong\u00e9lation<\/h2>\t\t\t\t<\/div>\n\t\t\t\t<\/div>\n\t\t\t\t<div class=\"elementor-element elementor-element-6b4a84c elementor-widget elementor-widget-text-editor\" data-id=\"6b4a84c\" data-element_type=\"widget\" data-widget_type=\"text-editor.default\">\n\t\t\t\t<div class=\"elementor-widget-container\">\n\t\t\t\t\t\t\t\t\t<p class=\"cvGsUA direction-ltr align-justify para-style-body\"><span class=\"OYPEnA font-feature-liga-off font-feature-clig-off font-feature-calt-off text-decoration-none text-strikethrough-none\">Notre processus d&rsquo;exp\u00e9dition est con\u00e7u pour <\/span><span class=\"OYPEnA font-feature-liga-off font-feature-clig-off font-feature-calt-off text-decoration-none text-strikethrough-none\">garantir que nos produits de la mer<\/span><span class=\"OYPEnA font-feature-liga-off font-feature-clig-off font-feature-calt-off text-decoration-none text-strikethrough-none\"> arrivent \u00e0 destination dans les meilleures conditions possibles.<\/span><\/p><p class=\"cvGsUA direction-ltr align-justify para-style-body\"><strong><span class=\"OYPEnA font-feature-liga-off font-feature-clig-off font-feature-calt-off text-decoration-none text-strikethrough-none\">Que ce soit par avion pour des livraisons rapides ou par bateau pour des volumes importants.<\/span><\/strong><\/p>\t\t\t\t\t\t\t\t<\/div>\n\t\t\t\t<\/div>\n\t\t\t\t<\/div>\n\t\t<div class=\"elementor-element elementor-element-bb4fa40 e-con-full e-flex e-con e-child\" data-id=\"bb4fa40\" data-element_type=\"container\">\n\t\t\t\t<div class=\"elementor-element elementor-element-1bf5ed5 elementor-widget elementor-widget-image\" data-id=\"1bf5ed5\" data-element_type=\"widget\" data-widget_type=\"image.default\">\n\t\t\t\t<div class=\"elementor-widget-container\">\n\t\t\t\t\t\t\t\t\t\t\t\t\t\t\t<img loading=\"lazy\" decoding=\"async\" width=\"640\" height=\"427\" src=\"https:\/\/sidiafishing.com\/wp-content\/uploads\/2024\/11\/bateau-porte-container.jpg\" class=\"attachment-large size-large wp-image-771\" alt=\"bateau porte container\" srcset=\"https:\/\/sidiafishing.com\/wp-content\/uploads\/2024\/11\/bateau-porte-container.jpg 640w, https:\/\/sidiafishing.com\/wp-content\/uploads\/2024\/11\/bateau-porte-container-300x200.jpg 300w\" sizes=\"(max-width: 640px) 100vw, 640px\" \/>\t\t\t\t\t\t\t\t\t\t\t\t\t\t\t<\/div>\n\t\t\t\t<\/div>\n\t\t\t\t<\/div>\n\t\t\t\t\t<\/div>\n\t\t\t\t<\/div>\n\t\t<div class=\"elementor-element elementor-element-cbc4868 e-flex e-con-boxed e-con e-parent\" data-id=\"cbc4868\" data-element_type=\"container\">\n\t\t\t\t\t<div class=\"e-con-inner\">\n\t\t\t\t<div class=\"elementor-element elementor-element-61a7af4 elementor-widget elementor-widget-heading\" data-id=\"61a7af4\" data-element_type=\"widget\" data-widget_type=\"heading.default\">\n\t\t\t\t<div class=\"elementor-widget-container\">\n\t\t\t\t\t<h2 class=\"elementor-heading-title elementor-size-default\">Notre engagement envers la qualit\u00e9 et la fra\u00eecheur nous permet de r\u00e9pondre aux exigences les plus strictes de nos clients europ\u00e9ens.<\/h2>\t\t\t\t<\/div>\n\t\t\t\t<\/div>\n\t\t\t\t\t<\/div>\n\t\t\t\t<\/div>\n\t\t<div class=\"elementor-element elementor-element-6111179 e-flex e-con-boxed e-con e-parent\" data-id=\"6111179\" data-element_type=\"container\">\n\t\t\t\t\t<div class=\"e-con-inner\">\n\t\t\t\t<div class=\"elementor-element elementor-element-90763b8 elementor-widget elementor-widget-image\" data-id=\"90763b8\" data-element_type=\"widget\" data-widget_type=\"image.default\">\n\t\t\t\t<div class=\"elementor-widget-container\">\n\t\t\t\t\t\t\t\t\t\t\t\t\t\t\t<img loading=\"lazy\" decoding=\"async\" width=\"800\" height=\"351\" src=\"https:\/\/sidiafishing.com\/wp-content\/uploads\/2024\/11\/prestation-et-service-2.jpg\" class=\"attachment-large size-large wp-image-697\" alt=\"prestation et service\" srcset=\"https:\/\/sidiafishing.com\/wp-content\/uploads\/2024\/11\/prestation-et-service-2.jpg 1000w, https:\/\/sidiafishing.com\/wp-content\/uploads\/2024\/11\/prestation-et-service-2-300x132.jpg 300w, https:\/\/sidiafishing.com\/wp-content\/uploads\/2024\/11\/prestation-et-service-2-768x337.jpg 768w\" sizes=\"(max-width: 800px) 100vw, 800px\" \/>\t\t\t\t\t\t\t\t\t\t\t\t\t\t\t<\/div>\n\t\t\t\t<\/div>\n\t\t\t\t\t<\/div>\n\t\t\t\t<\/div>\n\t\t\t\t<\/div>\n\t\t","protected":false},"excerpt":{"rendered":"<p>Sidia Fishing est la somme d&rsquo;un d\u00e9veloppement technique et pratique depuis sa cr\u00e9ation. Notre capacit\u00e9 d&rsquo;action nous permet de vous fournir l&rsquo;ensemble des produits de la mer \u00e0 notre disposition, tout en gardant une volont\u00e9 de d\u00e9veloppement durable dans notre espace de p\u00eache. Une flotte professionnel Notre flotte de bateaux de p\u00eache constitue l&rsquo;\u00e9pine dorsale [&hellip;]<\/p>\n","protected":false},"author":1,"featured_media":0,"parent":0,"menu_order":0,"comment_status":"closed","ping_status":"closed","template":"","meta":{"footnotes":""},"class_list":["post-669","page","type-page","status-publish","hentry"],"_links":{"self":[{"href":"https:\/\/sidiafishing.com\/index.php\/wp-json\/wp\/v2\/pages\/669","targetHints":{"allow":["GET"]}}],"collection":[{"href":"https:\/\/sidiafishing.com\/index.php\/wp-json\/wp\/v2\/pages"}],"about":[{"href":"https:\/\/sidiafishing.com\/index.php\/wp-json\/wp\/v2\/types\/page"}],"author":[{"embeddable":true,"href":"https:\/\/sidiafishing.com\/index.php\/wp-json\/wp\/v2\/users\/1"}],"replies":[{"embeddable":true,"href":"https:\/\/sidiafishing.com\/index.php\/wp-json\/wp\/v2\/comments?post=669"}],"version-history":[{"count":38,"href":"https:\/\/sidiafishing.com\/index.php\/wp-json\/wp\/v2\/pages\/669\/revisions"}],"predecessor-version":[{"id":900,"href":"https:\/\/sidiafishing.com\/index.php\/wp-json\/wp\/v2\/pages\/669\/revisions\/900"}],"wp:attachment":[{"href":"https:\/\/sidiafishing.com\/index.php\/wp-json\/wp\/v2\/media?parent=669"}],"curies":[{"name":"wp","href":"https:\/\/api.w.org\/{rel}","templated":true}]}}