{"id":927,"date":"2024-12-03T09:58:52","date_gmt":"2024-12-03T08:58:52","guid":{"rendered":"https:\/\/sidiafishing.com\/?page_id=927"},"modified":"2024-12-03T14:47:16","modified_gmt":"2024-12-03T13:47:16","slug":"sidia","status":"publish","type":"page","link":"https:\/\/sidiafishing.com\/index.php\/sidia\/","title":{"rendered":"SIDIA FISHING"},"content":{"rendered":"\t\t<div data-elementor-type=\"wp-page\" data-elementor-id=\"927\" class=\"elementor elementor-927\">\n\t\t\t\t<div class=\"elementor-element elementor-element-0d6c8f4 e-flex e-con-boxed e-con e-parent\" data-id=\"0d6c8f4\" data-element_type=\"container\">\n\t\t\t\t\t<div class=\"e-con-inner\">\n\t\t\t\t<div class=\"elementor-element elementor-element-5fbdfa7 elementor-widget elementor-widget-text-editor\" data-id=\"5fbdfa7\" data-element_type=\"widget\" data-widget_type=\"text-editor.default\">\n\t\t\t\t<div class=\"elementor-widget-container\">\n\t\t\t\t\t\t\t\t\t<p class=\"whitespace-pre-wrap break-words\"><strong>Sidia Fishing : Une flotte moderne au service de la p\u00eache professionnelle<\/strong><\/p><p class=\"whitespace-pre-wrap break-words\">Avec ses navires , <strong>Sidia Fishing<\/strong> repr\u00e9sente un acteur majeur de la p\u00eache en Afrique de l&rsquo;Ouest. Chaque bateau est \u00e9quip\u00e9 des derni\u00e8res technologies de navigation et de d\u00e9tection, permettant une localisation pr\u00e9cise des bancs de poissons et des captures optimis\u00e9es.<\/p><p class=\"whitespace-pre-wrap break-words\">La flotte se distingue par :<\/p><ul class=\"-mt-1 [li&gt;&amp;]:mt-2 list-disc space-y-2 pl-8\"><li class=\"whitespace-normal break-words\">Des syst\u00e8mes de conservation de pointe garantissant la fra\u00eecheur des produits<\/li><li class=\"whitespace-normal break-words\">Des cales r\u00e9frig\u00e9r\u00e9es et des syst\u00e8mes de cong\u00e9lation performants<\/li><li class=\"whitespace-normal break-words\">Des \u00e9quipages hautement qualifi\u00e9s, experts des zones maritimes<\/li><\/ul><p>\u00a0<\/p><p class=\"whitespace-pre-wrap break-words\">L&rsquo;engagement de Sidia Fishing repose sur trois piliers : p\u00eache moderne, transformation des produits et exportation vers l&rsquo;UE, avec un objectif constant de durabilit\u00e9 et de qualit\u00e9. Les navires sont con\u00e7us pour minimiser l&rsquo;impact environnemental, tout en assurant des rendements maximaux.<\/p><p class=\"whitespace-pre-wrap break-words\"><strong>Un mod\u00e8le d&rsquo;efficacit\u00e9 op\u00e9rationnelle qui allie performance technique, expertise maritime et responsabilit\u00e9 \u00e9cologique<\/strong><\/p>\t\t\t\t\t\t\t\t<\/div>\n\t\t\t\t<\/div>\n\t\t\t\t\t<\/div>\n\t\t\t\t<\/div>\n\t\t<div class=\"elementor-element elementor-element-56e0018 e-flex e-con-boxed e-con e-parent\" data-id=\"56e0018\" data-element_type=\"container\">\n\t\t\t\t\t<div class=\"e-con-inner\">\n\t\t\t\t<div class=\"elementor-element elementor-element-3878136 elementor-widget elementor-widget-image\" data-id=\"3878136\" data-element_type=\"widget\" data-widget_type=\"image.default\">\n\t\t\t\t<div class=\"elementor-widget-container\">\n\t\t\t\t\t\t\t\t\t\t\t\t\t\t\t<img fetchpriority=\"high\" decoding=\"async\" width=\"800\" height=\"600\" src=\"https:\/\/sidiafishing.com\/wp-content\/uploads\/2024\/09\/IMG-20240910-WA0017-1024x768.jpg\" class=\"attachment-large size-large wp-image-364\" alt=\"filets de p\u00eache en action\" srcset=\"https:\/\/sidiafishing.com\/wp-content\/uploads\/2024\/09\/IMG-20240910-WA0017-1024x768.jpg 1024w, https:\/\/sidiafishing.com\/wp-content\/uploads\/2024\/09\/IMG-20240910-WA0017-300x225.jpg 300w, https:\/\/sidiafishing.com\/wp-content\/uploads\/2024\/09\/IMG-20240910-WA0017-768x576.jpg 768w, https:\/\/sidiafishing.com\/wp-content\/uploads\/2024\/09\/IMG-20240910-WA0017-1536x1152.jpg 1536w, https:\/\/sidiafishing.com\/wp-content\/uploads\/2024\/09\/IMG-20240910-WA0017.jpg 1600w\" sizes=\"(max-width: 800px) 100vw, 800px\" \/>\t\t\t\t\t\t\t\t\t\t\t\t\t\t\t<\/div>\n\t\t\t\t<\/div>\n\t\t\t\t\t<\/div>\n\t\t\t\t<\/div>\n\t\t\t\t<\/div>\n\t\t","protected":false},"excerpt":{"rendered":"<p>Sidia Fishing : Une flotte moderne au service de la p\u00eache professionnelle Avec ses navires , Sidia Fishing repr\u00e9sente un acteur majeur de la p\u00eache en Afrique de l&rsquo;Ouest. Chaque bateau est \u00e9quip\u00e9 des derni\u00e8res technologies de navigation et de d\u00e9tection, permettant une localisation pr\u00e9cise des bancs de poissons et des captures optimis\u00e9es. La flotte [&hellip;]<\/p>\n","protected":false},"author":1,"featured_media":0,"parent":0,"menu_order":0,"comment_status":"closed","ping_status":"closed","template":"","meta":{"footnotes":""},"class_list":["post-927","page","type-page","status-publish","hentry"],"_links":{"self":[{"href":"https:\/\/sidiafishing.com\/index.php\/wp-json\/wp\/v2\/pages\/927","targetHints":{"allow":["GET"]}}],"collection":[{"href":"https:\/\/sidiafishing.com\/index.php\/wp-json\/wp\/v2\/pages"}],"about":[{"href":"https:\/\/sidiafishing.com\/index.php\/wp-json\/wp\/v2\/types\/page"}],"author":[{"embeddable":true,"href":"https:\/\/sidiafishing.com\/index.php\/wp-json\/wp\/v2\/users\/1"}],"replies":[{"embeddable":true,"href":"https:\/\/sidiafishing.com\/index.php\/wp-json\/wp\/v2\/comments?post=927"}],"version-history":[{"count":8,"href":"https:\/\/sidiafishing.com\/index.php\/wp-json\/wp\/v2\/pages\/927\/revisions"}],"predecessor-version":[{"id":1082,"href":"https:\/\/sidiafishing.com\/index.php\/wp-json\/wp\/v2\/pages\/927\/revisions\/1082"}],"wp:attachment":[{"href":"https:\/\/sidiafishing.com\/index.php\/wp-json\/wp\/v2\/media?parent=927"}],"curies":[{"name":"wp","href":"https:\/\/api.w.org\/{rel}","templated":true}]}}