{"id":935,"date":"2024-12-03T10:11:29","date_gmt":"2024-12-03T09:11:29","guid":{"rendered":"https:\/\/sidiafishing.com\/?page_id=935"},"modified":"2024-12-03T14:44:20","modified_gmt":"2024-12-03T13:44:20","slug":"zone-de-peche","status":"publish","type":"page","link":"https:\/\/sidiafishing.com\/index.php\/zone-de-peche\/","title":{"rendered":"Zone de p\u00eache"},"content":{"rendered":"\t\t<div data-elementor-type=\"wp-page\" data-elementor-id=\"935\" class=\"elementor elementor-935\">\n\t\t\t\t<div class=\"elementor-element elementor-element-b679337 e-flex e-con-boxed e-con e-parent\" data-id=\"b679337\" data-element_type=\"container\">\n\t\t\t\t\t<div class=\"e-con-inner\">\n\t\t\t\t<div class=\"elementor-element elementor-element-abe84c1 elementor-widget elementor-widget-image\" data-id=\"abe84c1\" data-element_type=\"widget\" data-widget_type=\"image.default\">\n\t\t\t\t<div class=\"elementor-widget-container\">\n\t\t\t\t\t\t\t\t\t\t\t\t\t\t\t<img fetchpriority=\"high\" decoding=\"async\" width=\"768\" height=\"576\" src=\"https:\/\/sidiafishing.com\/wp-content\/uploads\/2024\/12\/sidia-fishing-bateau-03.jpeg\" class=\"attachment-large size-large wp-image-1070\" alt=\"sidia fishing bateau\" srcset=\"https:\/\/sidiafishing.com\/wp-content\/uploads\/2024\/12\/sidia-fishing-bateau-03.jpeg 768w, https:\/\/sidiafishing.com\/wp-content\/uploads\/2024\/12\/sidia-fishing-bateau-03-300x225.jpeg 300w\" sizes=\"(max-width: 768px) 100vw, 768px\" \/>\t\t\t\t\t\t\t\t\t\t\t\t\t\t\t<\/div>\n\t\t\t\t<\/div>\n\t\t\t\t\t<\/div>\n\t\t\t\t<\/div>\n\t\t<div class=\"elementor-element elementor-element-57f7485 e-flex e-con-boxed e-con e-parent\" data-id=\"57f7485\" data-element_type=\"container\">\n\t\t\t\t\t<div class=\"e-con-inner\">\n\t\t\t\t<div class=\"elementor-element elementor-element-ec81f8a elementor-widget elementor-widget-text-editor\" data-id=\"ec81f8a\" data-element_type=\"widget\" data-widget_type=\"text-editor.default\">\n\t\t\t\t<div class=\"elementor-widget-container\">\n\t\t\t\t\t\t\t\t\t<p class=\"whitespace-pre-wrap break-words\"><strong>Les zones maritimes de Guin\u00e9e-Bissau, du Lib\u00e9ria et de Sierra Leone constituent un \u00e9cosyst\u00e8me oc\u00e9anique exceptionnel de l&rsquo;Afrique de l&rsquo;Ouest<\/strong>, baign\u00e9 par le courant des Canaries. Cette r\u00e9gion s&rsquo;\u00e9tend sur pr\u00e8s de 1 500 km de c\u00f4tes, avec des plateaux continentaux riches allant de 20 \u00e0 200 m\u00e8tres de profondeur. Les upwellings oc\u00e9aniques cr\u00e9ent des conditions de reproduction uniques pour une biodiversit\u00e9 marine remarquable.<\/p><p class=\"whitespace-pre-wrap break-words\">Les eaux abritent principalement des esp\u00e8ces p\u00e9lagiques comme les thonid\u00e9s (thon ob\u00e8se, listao, albacore), des sardinelles, des maquereaux, et des poissons d\u00e9mersaux tels que les m\u00e9rous, bars et capitaines. Les zones c\u00f4ti\u00e8res de l&rsquo;archipel des Bijag\u00f3s en Guin\u00e9e-Bissau, les littoraux du Lib\u00e9ria et de Sierra Leone offrent des conditions \u00e9cologiques particuli\u00e8rement favorables \u00e0 la reproduction et \u00e0 la croissance de ces esp\u00e8ces.<\/p><p class=\"whitespace-pre-wrap break-words\">Cette richesse marine repr\u00e9sente une ressource \u00e9conomique majeure pour ces pays, avec des volumes de p\u00eache significatifs destin\u00e9s principalement \u00e0 l&rsquo;exportation vers les march\u00e9s europ\u00e9ens, garantissant une tra\u00e7abilit\u00e9 et une qualit\u00e9 irr\u00e9prochables gr\u00e2ce \u00e0 des process de p\u00eache durables et responsables.<\/p>\t\t\t\t\t\t\t\t<\/div>\n\t\t\t\t<\/div>\n\t\t\t\t\t<\/div>\n\t\t\t\t<\/div>\n\t\t<div class=\"elementor-element elementor-element-f43feaf e-flex e-con-boxed e-con e-parent\" data-id=\"f43feaf\" data-element_type=\"container\">\n\t\t\t\t\t<div class=\"e-con-inner\">\n\t\t<div class=\"elementor-element elementor-element-93fedba e-con-full e-flex e-con e-child\" data-id=\"93fedba\" data-element_type=\"container\">\n\t\t\t\t<div class=\"elementor-element elementor-element-b047937 elementor-widget elementor-widget-image\" data-id=\"b047937\" data-element_type=\"widget\" data-widget_type=\"image.default\">\n\t\t\t\t<div class=\"elementor-widget-container\">\n\t\t\t\t\t\t\t\t\t\t\t\t\t\t\t<img decoding=\"async\" width=\"800\" height=\"600\" src=\"https:\/\/sidiafishing.com\/wp-content\/uploads\/2024\/10\/IMG-20240915-WA0011-1024x768.jpg\" class=\"attachment-large size-large wp-image-470\" alt=\"un bateau de p\u00eache en pleine navigation avec mouette\" srcset=\"https:\/\/sidiafishing.com\/wp-content\/uploads\/2024\/10\/IMG-20240915-WA0011-1024x768.jpg 1024w, https:\/\/sidiafishing.com\/wp-content\/uploads\/2024\/10\/IMG-20240915-WA0011-300x225.jpg 300w, https:\/\/sidiafishing.com\/wp-content\/uploads\/2024\/10\/IMG-20240915-WA0011-768x576.jpg 768w, https:\/\/sidiafishing.com\/wp-content\/uploads\/2024\/10\/IMG-20240915-WA0011-1536x1152.jpg 1536w, https:\/\/sidiafishing.com\/wp-content\/uploads\/2024\/10\/IMG-20240915-WA0011-2048x1536.jpg 2048w\" sizes=\"(max-width: 800px) 100vw, 800px\" \/>\t\t\t\t\t\t\t\t\t\t\t\t\t\t\t<\/div>\n\t\t\t\t<\/div>\n\t\t\t\t<\/div>\n\t\t<div class=\"elementor-element elementor-element-e80e811 e-con-full e-flex e-con e-child\" data-id=\"e80e811\" data-element_type=\"container\">\n\t\t\t\t<div class=\"elementor-element elementor-element-a20a7c5 elementor-widget elementor-widget-image\" data-id=\"a20a7c5\" data-element_type=\"widget\" data-widget_type=\"image.default\">\n\t\t\t\t<div class=\"elementor-widget-container\">\n\t\t\t\t\t\t\t\t\t\t\t\t\t\t\t<img decoding=\"async\" width=\"300\" height=\"225\" src=\"https:\/\/sidiafishing.com\/wp-content\/uploads\/2024\/10\/IMG-20240910-WA0015-300x225.jpg\" class=\"attachment-medium size-medium wp-image-467\" alt=\"Des filets de p\u00eache en action, capturant des poissons frais et de quallt\u00e9\" srcset=\"https:\/\/sidiafishing.com\/wp-content\/uploads\/2024\/10\/IMG-20240910-WA0015-300x225.jpg 300w, https:\/\/sidiafishing.com\/wp-content\/uploads\/2024\/10\/IMG-20240910-WA0015-1024x768.jpg 1024w, https:\/\/sidiafishing.com\/wp-content\/uploads\/2024\/10\/IMG-20240910-WA0015-768x576.jpg 768w, https:\/\/sidiafishing.com\/wp-content\/uploads\/2024\/10\/IMG-20240910-WA0015-1536x1152.jpg 1536w, https:\/\/sidiafishing.com\/wp-content\/uploads\/2024\/10\/IMG-20240910-WA0015.jpg 1600w\" sizes=\"(max-width: 300px) 100vw, 300px\" \/>\t\t\t\t\t\t\t\t\t\t\t\t\t\t\t<\/div>\n\t\t\t\t<\/div>\n\t\t\t\t<\/div>\n\t\t\t\t<div class=\"elementor-element elementor-element-2a43741 elementor-widget elementor-widget-image\" data-id=\"2a43741\" data-element_type=\"widget\" data-widget_type=\"image.default\">\n\t\t\t\t<div class=\"elementor-widget-container\">\n\t\t\t\t\t\t\t\t\t\t\t\t\t\t\t<img loading=\"lazy\" decoding=\"async\" width=\"768\" height=\"432\" src=\"https:\/\/sidiafishing.com\/wp-content\/uploads\/2024\/12\/sidia-fishing-bateau-05.jpeg\" class=\"attachment-large size-large wp-image-1064\" alt=\"sidia fishing bateau\" srcset=\"https:\/\/sidiafishing.com\/wp-content\/uploads\/2024\/12\/sidia-fishing-bateau-05.jpeg 768w, https:\/\/sidiafishing.com\/wp-content\/uploads\/2024\/12\/sidia-fishing-bateau-05-300x169.jpeg 300w\" sizes=\"(max-width: 768px) 100vw, 768px\" \/>\t\t\t\t\t\t\t\t\t\t\t\t\t\t\t<\/div>\n\t\t\t\t<\/div>\n\t\t\t\t\t<\/div>\n\t\t\t\t<\/div>\n\t\t\t\t<\/div>\n\t\t","protected":false},"excerpt":{"rendered":"<p>Les zones maritimes de Guin\u00e9e-Bissau, du Lib\u00e9ria et de Sierra Leone constituent un \u00e9cosyst\u00e8me oc\u00e9anique exceptionnel de l&rsquo;Afrique de l&rsquo;Ouest, baign\u00e9 par le courant des Canaries. Cette r\u00e9gion s&rsquo;\u00e9tend sur pr\u00e8s de 1 500 km de c\u00f4tes, avec des plateaux continentaux riches allant de 20 \u00e0 200 m\u00e8tres de profondeur. Les upwellings oc\u00e9aniques cr\u00e9ent des [&hellip;]<\/p>\n","protected":false},"author":1,"featured_media":0,"parent":0,"menu_order":0,"comment_status":"closed","ping_status":"closed","template":"","meta":{"footnotes":""},"class_list":["post-935","page","type-page","status-publish","hentry"],"_links":{"self":[{"href":"https:\/\/sidiafishing.com\/index.php\/wp-json\/wp\/v2\/pages\/935","targetHints":{"allow":["GET"]}}],"collection":[{"href":"https:\/\/sidiafishing.com\/index.php\/wp-json\/wp\/v2\/pages"}],"about":[{"href":"https:\/\/sidiafishing.com\/index.php\/wp-json\/wp\/v2\/types\/page"}],"author":[{"embeddable":true,"href":"https:\/\/sidiafishing.com\/index.php\/wp-json\/wp\/v2\/users\/1"}],"replies":[{"embeddable":true,"href":"https:\/\/sidiafishing.com\/index.php\/wp-json\/wp\/v2\/comments?post=935"}],"version-history":[{"count":8,"href":"https:\/\/sidiafishing.com\/index.php\/wp-json\/wp\/v2\/pages\/935\/revisions"}],"predecessor-version":[{"id":1079,"href":"https:\/\/sidiafishing.com\/index.php\/wp-json\/wp\/v2\/pages\/935\/revisions\/1079"}],"wp:attachment":[{"href":"https:\/\/sidiafishing.com\/index.php\/wp-json\/wp\/v2\/media?parent=935"}],"curies":[{"name":"wp","href":"https:\/\/api.w.org\/{rel}","templated":true}]}}