{"id":959,"date":"2024-12-03T10:37:22","date_gmt":"2024-12-03T09:37:22","guid":{"rendered":"https:\/\/sidiafishing.com\/?page_id=959"},"modified":"2024-12-03T14:08:01","modified_gmt":"2024-12-03T13:08:01","slug":"qualite-tracabilite-et-certifications","status":"publish","type":"page","link":"https:\/\/sidiafishing.com\/index.php\/qualite-tracabilite-et-certifications\/","title":{"rendered":"Qualit\u00e9, tra\u00e7abilit\u00e9 et certifications"},"content":{"rendered":"\t\t<div data-elementor-type=\"wp-page\" data-elementor-id=\"959\" class=\"elementor elementor-959\">\n\t\t\t\t<div class=\"elementor-element elementor-element-6acee51 e-flex e-con-boxed e-con e-parent\" data-id=\"6acee51\" data-element_type=\"container\">\n\t\t\t\t\t<div class=\"e-con-inner\">\n\t\t<div class=\"elementor-element elementor-element-d8cab29 e-con-full e-flex e-con e-child\" data-id=\"d8cab29\" data-element_type=\"container\">\n\t\t\t\t<div class=\"elementor-element elementor-element-dd08e61 elementor-widget elementor-widget-heading\" data-id=\"dd08e61\" data-element_type=\"widget\" data-widget_type=\"heading.default\">\n\t\t\t\t<div class=\"elementor-widget-container\">\n\t\t\t\t\t<h2 class=\"elementor-heading-title elementor-size-default\">Qualit\u00e9<\/h2>\t\t\t\t<\/div>\n\t\t\t\t<\/div>\n\t\t\t\t<div class=\"elementor-element elementor-element-9a13ac5 elementor-widget elementor-widget-text-editor\" data-id=\"9a13ac5\" data-element_type=\"widget\" data-widget_type=\"text-editor.default\">\n\t\t\t\t<div class=\"elementor-widget-container\">\n\t\t\t\t\t\t\t\t\t<p><strong>La qualit\u00e9 des produits marins de ces r\u00e9gions ouest-africaines repose sur plusieurs piliers essentiels.<\/strong> D\u00e8s la capture, un processus rigoureux de s\u00e9lection est mis en place, privil\u00e9giant des m\u00e9thodes de p\u00eache durables et s\u00e9lectives.<\/p><p><strong>Les navires sont \u00e9quip\u00e9s de technologies modernes<\/strong> permettant de cibler pr\u00e9cis\u00e9ment les esp\u00e8ces recherch\u00e9es, minimisant ainsi les captures accessoires. Chaque poisson est inspect\u00e9 individuellement, \u00e9liminant les sp\u00e9cimens de taille ou de qualit\u00e9 non conforme.<\/p><p>La fra\u00eecheur est garantie par une cha\u00eene du froid imm\u00e9diate, avec un refroidissement rapide \u00e0 0-2\u00b0C d\u00e8s la sortie de l&rsquo;eau, pr\u00e9servant les qualit\u00e9s organoleptiques et nutritionnelles des produits marins.<\/p>\t\t\t\t\t\t\t\t<\/div>\n\t\t\t\t<\/div>\n\t\t\t\t<\/div>\n\t\t<div class=\"elementor-element elementor-element-23bd6d3 e-con-full e-flex e-con e-child\" data-id=\"23bd6d3\" data-element_type=\"container\">\n\t\t\t\t<div class=\"elementor-element elementor-element-6d063e1 elementor-widget elementor-widget-heading\" data-id=\"6d063e1\" data-element_type=\"widget\" data-widget_type=\"heading.default\">\n\t\t\t\t<div class=\"elementor-widget-container\">\n\t\t\t\t\t<h2 class=\"elementor-heading-title elementor-size-default\">Tra\u00e7abilit\u00e9<\/h2>\t\t\t\t<\/div>\n\t\t\t\t<\/div>\n\t\t\t\t<div class=\"elementor-element elementor-element-b22cb7f elementor-widget elementor-widget-text-editor\" data-id=\"b22cb7f\" data-element_type=\"widget\" data-widget_type=\"text-editor.default\">\n\t\t\t\t<div class=\"elementor-widget-container\">\n\t\t\t\t\t\t\t\t\t<p><strong>Le syst\u00e8me de tra\u00e7abilit\u00e9 mis en place est organis\u00e9 pour r\u00e9pondre aux normes actuelles.<\/strong> Chaque lot de produits est dot\u00e9 d&rsquo;un identifiant unique permettant de retracer son parcours complet : zone de p\u00eache exacte, date et heure de capture, navire, m\u00e9thode de p\u00eache, conditions de conservation initiales.<\/p><p>\u00c0 chaque \u00e9tape &#8211; de la capture \u00e0 l&rsquo;exportation &#8211; un rapport d\u00e9taill\u00e9 est g\u00e9n\u00e9r\u00e9, incluant les param\u00e8tres de temp\u00e9rature, les conditions sanitaires et les contr\u00f4les effectu\u00e9s. <strong>Cette transparence totale r\u00e9pond aux exigences les plus strictes des r\u00e9glementations europ\u00e9ennes et internationales.<\/strong><\/p>\t\t\t\t\t\t\t\t<\/div>\n\t\t\t\t<\/div>\n\t\t\t\t<\/div>\n\t\t\t\t\t<\/div>\n\t\t\t\t<\/div>\n\t\t<div class=\"elementor-element elementor-element-aa7fdce e-flex e-con-boxed e-con e-parent\" data-id=\"aa7fdce\" data-element_type=\"container\">\n\t\t\t\t\t<div class=\"e-con-inner\">\n\t\t\t\t<div class=\"elementor-element elementor-element-da93618 elementor-widget elementor-widget-image\" data-id=\"da93618\" data-element_type=\"widget\" data-widget_type=\"image.default\">\n\t\t\t\t<div class=\"elementor-widget-container\">\n\t\t\t\t\t\t\t\t\t\t\t\t\t\t\t<img fetchpriority=\"high\" decoding=\"async\" width=\"768\" height=\"576\" src=\"https:\/\/sidiafishing.com\/wp-content\/uploads\/2024\/12\/sidia-fishing-bateau-01.jpeg\" class=\"attachment-large size-large wp-image-1053\" alt=\"sidia fishing bateau\" srcset=\"https:\/\/sidiafishing.com\/wp-content\/uploads\/2024\/12\/sidia-fishing-bateau-01.jpeg 768w, https:\/\/sidiafishing.com\/wp-content\/uploads\/2024\/12\/sidia-fishing-bateau-01-300x225.jpeg 300w\" sizes=\"(max-width: 768px) 100vw, 768px\" \/>\t\t\t\t\t\t\t\t\t\t\t\t\t\t\t<\/div>\n\t\t\t\t<\/div>\n\t\t\t\t\t<\/div>\n\t\t\t\t<\/div>\n\t\t<div class=\"elementor-element elementor-element-4629a74 e-flex e-con-boxed e-con e-parent\" data-id=\"4629a74\" data-element_type=\"container\">\n\t\t\t\t\t<div class=\"e-con-inner\">\n\t\t\t\t<div class=\"elementor-element elementor-element-bab4335 elementor-widget elementor-widget-spacer\" data-id=\"bab4335\" data-element_type=\"widget\" data-widget_type=\"spacer.default\">\n\t\t\t\t<div class=\"elementor-widget-container\">\n\t\t\t\t\t\t\t<div class=\"elementor-spacer\">\n\t\t\t<div class=\"elementor-spacer-inner\"><\/div>\n\t\t<\/div>\n\t\t\t\t\t\t<\/div>\n\t\t\t\t<\/div>\n\t\t\t\t\t<\/div>\n\t\t\t\t<\/div>\n\t\t<div class=\"elementor-element elementor-element-e600063 e-flex e-con-boxed e-con e-parent\" data-id=\"e600063\" data-element_type=\"container\">\n\t\t\t\t\t<div class=\"e-con-inner\">\n\t\t\t\t<div class=\"elementor-element elementor-element-dba54a7 elementor-widget elementor-widget-heading\" data-id=\"dba54a7\" data-element_type=\"widget\" data-widget_type=\"heading.default\">\n\t\t\t\t<div class=\"elementor-widget-container\">\n\t\t\t\t\t<h1 class=\"elementor-heading-title elementor-size-default\">Certifications<\/h1>\t\t\t\t<\/div>\n\t\t\t\t<\/div>\n\t\t\t\t\t<\/div>\n\t\t\t\t<\/div>\n\t\t<div class=\"elementor-element elementor-element-5b543c0 e-flex e-con-boxed e-con e-parent\" data-id=\"5b543c0\" data-element_type=\"container\">\n\t\t\t\t\t<div class=\"e-con-inner\">\n\t\t\t\t<div class=\"elementor-element elementor-element-e7c5a6b elementor-widget elementor-widget-text-editor\" data-id=\"e7c5a6b\" data-element_type=\"widget\" data-widget_type=\"text-editor.default\">\n\t\t\t\t<div class=\"elementor-widget-container\">\n\t\t\t\t\t\t\t\t\t<p class=\"whitespace-pre-wrap break-words\">Plusieurs certifications internationales valident la qualit\u00e9 et la durabilit\u00e9 des produits marins :<\/p><ol class=\"-mt-1 [li&gt;&amp;]:mt-2 list-decimal space-y-2 pl-8\"><li class=\"whitespace-normal break-words\"><strong>Certification MSC<\/strong> (Marine Stewardship Council) : Garantissant une p\u00eache durable et responsable<\/li><li class=\"whitespace-normal break-words\"><strong>Certification ASC<\/strong> (Aquaculture Stewardship Council) pour les productions aquacoles<\/li><li class=\"whitespace-normal break-words\"><strong>Certification HACCP<\/strong> (Hazard Analysis Critical Control Point) pour la s\u00e9curit\u00e9 alimentaire<\/li><li class=\"whitespace-normal break-words\"><strong>Normes ISO 22000<\/strong> pour la gestion de la s\u00e9curit\u00e9 des produits alimentaires<\/li><li class=\"whitespace-normal break-words\"><strong>Certification GlobalG.A.P<\/strong> pour les pratiques agricoles et de p\u00eache responsables<\/li><\/ol><p>\u00a0<\/p><p class=\"whitespace-pre-wrap break-words\"><strong>Ces certifications<\/strong> impliquent des audits r\u00e9guliers, des contr\u00f4les stricts et une am\u00e9lioration continue des pratiques de p\u00eache et de transformation. Elles couvrent non seulement les aspects techniques et sanitaires, mais aussi les dimensions environnementales et sociales, garantissant une production \u00e9thique et responsable.<\/p>\t\t\t\t\t\t\t\t<\/div>\n\t\t\t\t<\/div>\n\t\t\t\t\t<\/div>\n\t\t\t\t<\/div>\n\t\t<div class=\"elementor-element elementor-element-f8d1669 e-flex e-con-boxed e-con e-parent\" data-id=\"f8d1669\" data-element_type=\"container\">\n\t\t\t\t\t<div class=\"e-con-inner\">\n\t\t\t\t<div class=\"elementor-element elementor-element-8b3a5c4 elementor-widget elementor-widget-heading\" data-id=\"8b3a5c4\" data-element_type=\"widget\" data-widget_type=\"heading.default\">\n\t\t\t\t<div class=\"elementor-widget-container\">\n\t\t\t\t\t<h1 class=\"elementor-heading-title elementor-size-default\">Contr\u00f4les sanitaires<\/h1>\t\t\t\t<\/div>\n\t\t\t\t<\/div>\n\t\t\t\t\t<\/div>\n\t\t\t\t<\/div>\n\t\t<div class=\"elementor-element elementor-element-a729f07 e-flex e-con-boxed e-con e-parent\" data-id=\"a729f07\" data-element_type=\"container\">\n\t\t\t\t\t<div class=\"e-con-inner\">\n\t\t\t\t<div class=\"elementor-element elementor-element-3316f48 elementor-widget elementor-widget-text-editor\" data-id=\"3316f48\" data-element_type=\"widget\" data-widget_type=\"text-editor.default\">\n\t\t\t\t<div class=\"elementor-widget-container\">\n\t\t\t\t\t\t\t\t\t<p class=\"whitespace-pre-wrap break-words\"><strong>Les contr\u00f4les sanitaires sont r\u00e9alis\u00e9s \u00e0 multiple niveaux.<\/strong> Des laboratoires accr\u00e9dit\u00e9s proc\u00e8dent \u00e0 des analyses microbiologiques et chimiques exhaustives. Chaque lot fait l&rsquo;objet de tests rigoureux recherchant :<\/p><ul class=\"-mt-1 [li&gt;&amp;]:mt-2 list-disc space-y-2 pl-8\"><li class=\"whitespace-normal break-words\"><strong>La pr\u00e9sence \u00e9ventuelle de contaminants<\/strong><\/li><li class=\"whitespace-normal break-words\"><strong>Le taux de mercure<\/strong><\/li><li class=\"whitespace-normal break-words\"><strong>La charge bact\u00e9rienne<\/strong><\/li><li class=\"whitespace-normal break-words\"><strong>La composition nutritionnelle<\/strong><\/li><\/ul><p class=\"whitespace-pre-wrap break-words\">Ces analyses sont document\u00e9es et archiv\u00e9es, permettant une transparence totale et une tra\u00e7abilit\u00e9 compl\u00e8te jusqu&rsquo;au consommateur final.<\/p>\t\t\t\t\t\t\t\t<\/div>\n\t\t\t\t<\/div>\n\t\t\t\t\t<\/div>\n\t\t\t\t<\/div>\n\t\t\t\t<\/div>\n\t\t","protected":false},"excerpt":{"rendered":"<p>Qualit\u00e9 La qualit\u00e9 des produits marins de ces r\u00e9gions ouest-africaines repose sur plusieurs piliers essentiels. D\u00e8s la capture, un processus rigoureux de s\u00e9lection est mis en place, privil\u00e9giant des m\u00e9thodes de p\u00eache durables et s\u00e9lectives. Les navires sont \u00e9quip\u00e9s de technologies modernes permettant de cibler pr\u00e9cis\u00e9ment les esp\u00e8ces recherch\u00e9es, minimisant ainsi les captures accessoires. Chaque [&hellip;]<\/p>\n","protected":false},"author":1,"featured_media":0,"parent":0,"menu_order":0,"comment_status":"closed","ping_status":"closed","template":"","meta":{"footnotes":""},"class_list":["post-959","page","type-page","status-publish","hentry"],"_links":{"self":[{"href":"https:\/\/sidiafishing.com\/index.php\/wp-json\/wp\/v2\/pages\/959","targetHints":{"allow":["GET"]}}],"collection":[{"href":"https:\/\/sidiafishing.com\/index.php\/wp-json\/wp\/v2\/pages"}],"about":[{"href":"https:\/\/sidiafishing.com\/index.php\/wp-json\/wp\/v2\/types\/page"}],"author":[{"embeddable":true,"href":"https:\/\/sidiafishing.com\/index.php\/wp-json\/wp\/v2\/users\/1"}],"replies":[{"embeddable":true,"href":"https:\/\/sidiafishing.com\/index.php\/wp-json\/wp\/v2\/comments?post=959"}],"version-history":[{"count":7,"href":"https:\/\/sidiafishing.com\/index.php\/wp-json\/wp\/v2\/pages\/959\/revisions"}],"predecessor-version":[{"id":1056,"href":"https:\/\/sidiafishing.com\/index.php\/wp-json\/wp\/v2\/pages\/959\/revisions\/1056"}],"wp:attachment":[{"href":"https:\/\/sidiafishing.com\/index.php\/wp-json\/wp\/v2\/media?parent=959"}],"curies":[{"name":"wp","href":"https:\/\/api.w.org\/{rel}","templated":true}]}}