{"id":966,"date":"2024-12-03T10:39:46","date_gmt":"2024-12-03T09:39:46","guid":{"rendered":"https:\/\/sidiafishing.com\/?page_id=966"},"modified":"2024-12-03T12:23:53","modified_gmt":"2024-12-03T11:23:53","slug":"exportation","status":"publish","type":"page","link":"https:\/\/sidiafishing.com\/index.php\/exportation\/","title":{"rendered":"Exportation"},"content":{"rendered":"\t\t<div data-elementor-type=\"wp-page\" data-elementor-id=\"966\" class=\"elementor elementor-966\">\n\t\t\t\t<div class=\"elementor-element elementor-element-f76cd10 e-flex e-con-boxed e-con e-parent\" data-id=\"f76cd10\" data-element_type=\"container\">\n\t\t\t\t\t<div class=\"e-con-inner\">\n\t\t\t\t<div class=\"elementor-element elementor-element-41eabd0 elementor-widget elementor-widget-text-editor\" data-id=\"41eabd0\" data-element_type=\"widget\" data-widget_type=\"text-editor.default\">\n\t\t\t\t<div class=\"elementor-widget-container\">\n\t\t\t\t\t\t\t\t\t<p class=\"whitespace-pre-wrap break-words\"><strong>La pr\u00e9servation de la qualit\u00e9 des produits marins repose sur une ma\u00eetrise rigoureuse<\/strong> de la temp\u00e9rature, depuis la capture jusqu&rsquo;\u00e0 la distribution finale en Europe. Deux modes de transport principaux sont utilis\u00e9s : le transport a\u00e9rien et maritime, chacun \u00e9quip\u00e9 de technologies de r\u00e9frig\u00e9ration avanc\u00e9es garantissant une temp\u00e9rature constante entre 0 et 4\u00b0C.<\/p><p class=\"whitespace-pre-wrap break-words\"><strong>Les conteneurs r\u00e9frig\u00e9r\u00e9s a\u00e9riens et les navires \u00ab\u00a0reefers\u00a0\u00bb sont dot\u00e9s de syst\u00e8mes de monitoring en temps r\u00e9el,<\/strong> permettant un suivi pr\u00e9cis des conditions de conservation. \u00c0 chaque \u00e9tape, des contr\u00f4les sanitaires stricts sont effectu\u00e9s, avec une tra\u00e7abilit\u00e9 compl\u00e8te assur\u00e9e par des syst\u00e8mes informatiques performants.<\/p><p class=\"whitespace-pre-wrap break-words\"><strong>La r\u00e9glementation europ\u00e9enne, notamment le r\u00e8glement (CE) n\u00b0 853\/2004, impose des normes d&rsquo;hygi\u00e8ne tr\u00e8s strictes.<\/strong> Ces contraintes r\u00e9glementaires visent \u00e0 assurer au consommateur final un produit de haute qualit\u00e9, fra\u00eechement captur\u00e9 et parfaitement conserv\u00e9, depuis les zones de p\u00eache jusqu&rsquo;aux points de vente europ\u00e9ens.<\/p>\t\t\t\t\t\t\t\t<\/div>\n\t\t\t\t<\/div>\n\t\t\t\t\t<\/div>\n\t\t\t\t<\/div>\n\t\t<div class=\"elementor-element elementor-element-5e6e19d e-flex e-con-boxed e-con e-parent\" data-id=\"5e6e19d\" data-element_type=\"container\">\n\t\t\t\t\t<div class=\"e-con-inner\">\n\t\t\t\t<div class=\"elementor-element elementor-element-1d0d0a0 elementor-widget elementor-widget-image\" data-id=\"1d0d0a0\" data-element_type=\"widget\" data-widget_type=\"image.default\">\n\t\t\t\t<div class=\"elementor-widget-container\">\n\t\t\t\t\t\t\t\t\t\t\t\t\t\t\t<img fetchpriority=\"high\" decoding=\"async\" width=\"678\" height=\"732\" src=\"https:\/\/sidiafishing.com\/wp-content\/uploads\/2024\/11\/sidia-fishing-importation-exportation-poisson-europe.jpg\" class=\"attachment-large size-large wp-image-616\" alt=\"sidia fishing importation exportation poisson-europe\" srcset=\"https:\/\/sidiafishing.com\/wp-content\/uploads\/2024\/11\/sidia-fishing-importation-exportation-poisson-europe.jpg 678w, https:\/\/sidiafishing.com\/wp-content\/uploads\/2024\/11\/sidia-fishing-importation-exportation-poisson-europe-278x300.jpg 278w\" sizes=\"(max-width: 678px) 100vw, 678px\" \/>\t\t\t\t\t\t\t\t\t\t\t\t\t\t\t<\/div>\n\t\t\t\t<\/div>\n\t\t\t\t\t<\/div>\n\t\t\t\t<\/div>\n\t\t\t\t<\/div>\n\t\t","protected":false},"excerpt":{"rendered":"<p>La pr\u00e9servation de la qualit\u00e9 des produits marins repose sur une ma\u00eetrise rigoureuse de la temp\u00e9rature, depuis la capture jusqu&rsquo;\u00e0 la distribution finale en Europe. Deux modes de transport principaux sont utilis\u00e9s : le transport a\u00e9rien et maritime, chacun \u00e9quip\u00e9 de technologies de r\u00e9frig\u00e9ration avanc\u00e9es garantissant une temp\u00e9rature constante entre 0 et 4\u00b0C. Les conteneurs [&hellip;]<\/p>\n","protected":false},"author":1,"featured_media":0,"parent":0,"menu_order":0,"comment_status":"closed","ping_status":"closed","template":"","meta":{"footnotes":""},"class_list":["post-966","page","type-page","status-publish","hentry"],"_links":{"self":[{"href":"https:\/\/sidiafishing.com\/index.php\/wp-json\/wp\/v2\/pages\/966","targetHints":{"allow":["GET"]}}],"collection":[{"href":"https:\/\/sidiafishing.com\/index.php\/wp-json\/wp\/v2\/pages"}],"about":[{"href":"https:\/\/sidiafishing.com\/index.php\/wp-json\/wp\/v2\/types\/page"}],"author":[{"embeddable":true,"href":"https:\/\/sidiafishing.com\/index.php\/wp-json\/wp\/v2\/users\/1"}],"replies":[{"embeddable":true,"href":"https:\/\/sidiafishing.com\/index.php\/wp-json\/wp\/v2\/comments?post=966"}],"version-history":[{"count":7,"href":"https:\/\/sidiafishing.com\/index.php\/wp-json\/wp\/v2\/pages\/966\/revisions"}],"predecessor-version":[{"id":1036,"href":"https:\/\/sidiafishing.com\/index.php\/wp-json\/wp\/v2\/pages\/966\/revisions\/1036"}],"wp:attachment":[{"href":"https:\/\/sidiafishing.com\/index.php\/wp-json\/wp\/v2\/media?parent=966"}],"curies":[{"name":"wp","href":"https:\/\/api.w.org\/{rel}","templated":true}]}}