{"id":980,"date":"2024-12-03T10:58:59","date_gmt":"2024-12-03T09:58:59","guid":{"rendered":"https:\/\/sidiafishing.com\/?page_id=980"},"modified":"2024-12-03T12:20:39","modified_gmt":"2024-12-03T11:20:39","slug":"pays-europeens-desservis","status":"publish","type":"page","link":"https:\/\/sidiafishing.com\/index.php\/pays-europeens-desservis\/","title":{"rendered":"Pays europ\u00e9ens desservis"},"content":{"rendered":"\t\t<div data-elementor-type=\"wp-page\" data-elementor-id=\"980\" class=\"elementor elementor-980\">\n\t\t\t\t<div class=\"elementor-element elementor-element-0bbcf9d e-flex e-con-boxed e-con e-parent\" data-id=\"0bbcf9d\" data-element_type=\"container\">\n\t\t\t\t\t<div class=\"e-con-inner\">\n\t\t\t\t<div class=\"elementor-element elementor-element-c791da5 elementor-widget elementor-widget-text-editor\" data-id=\"c791da5\" data-element_type=\"widget\" data-widget_type=\"text-editor.default\">\n\t\t\t\t<div class=\"elementor-widget-container\">\n\t\t\t\t\t\t\t\t\t<p><strong>Les zones maritimes de Guin\u00e9e-Bissau, du Lib\u00e9ria et de Sierra Leone<\/strong> repr\u00e9sentent un \u00e9cosyst\u00e8me marin particuli\u00e8rement riche et diversifi\u00e9, offrant des conditions exceptionnelles pour la p\u00eache. La r\u00e9gion c\u00f4ti\u00e8re ouest-africaine, baign\u00e9e par le courant des Canaries, b\u00e9n\u00e9ficie d&rsquo;upwellings oc\u00e9aniques qui favorisent une biodiversit\u00e9 marine remarquable.<\/p>\t\t\t\t\t\t\t\t<\/div>\n\t\t\t\t<\/div>\n\t\t\t\t\t<\/div>\n\t\t\t\t<\/div>\n\t\t<div class=\"elementor-element elementor-element-5657c82 e-flex e-con-boxed e-con e-parent\" data-id=\"5657c82\" data-element_type=\"container\">\n\t\t\t\t\t<div class=\"e-con-inner\">\n\t\t<div class=\"elementor-element elementor-element-05c0512 e-con-full e-flex e-con e-child\" data-id=\"05c0512\" data-element_type=\"container\">\n\t\t\t\t<div class=\"elementor-element elementor-element-8a5d3cc elementor-widget elementor-widget-heading\" data-id=\"8a5d3cc\" data-element_type=\"widget\" data-widget_type=\"heading.default\">\n\t\t\t\t<div class=\"elementor-widget-container\">\n\t\t\t\t\t<h2 class=\"elementor-heading-title elementor-size-default\">Une p\u00e9che durable<\/h2>\t\t\t\t<\/div>\n\t\t\t\t<\/div>\n\t\t\t\t<div class=\"elementor-element elementor-element-a15d7e2 elementor-widget elementor-widget-text-editor\" data-id=\"a15d7e2\" data-element_type=\"widget\" data-widget_type=\"text-editor.default\">\n\t\t\t\t<div class=\"elementor-widget-container\">\n\t\t\t\t\t\t\t\t\t<p><strong>\u00a0Notre processus de s\u00e9lection et de capture respecte strictement les normes de p\u00eache durable.<\/strong> Des accords de p\u00eache responsables sont mis en place avec les autorit\u00e9s locales, garantissant la pr\u00e9servation des stocks et le respect des \u00e9cosyst\u00e8mes marins. Chaque op\u00e9ration de p\u00eache fait l&rsquo;objet d&rsquo;un suivi pr\u00e9cis, avec des quotas contr\u00f4l\u00e9s et des m\u00e9thodes de capture s\u00e9lectives minimisant l&rsquo;impact environnemental.<\/p>\t\t\t\t\t\t\t\t<\/div>\n\t\t\t\t<\/div>\n\t\t\t\t<\/div>\n\t\t<div class=\"elementor-element elementor-element-fdf170b e-con-full e-flex e-con e-child\" data-id=\"fdf170b\" data-element_type=\"container\">\n\t\t\t\t<div class=\"elementor-element elementor-element-d411c90 elementor-widget elementor-widget-heading\" data-id=\"d411c90\" data-element_type=\"widget\" data-widget_type=\"heading.default\">\n\t\t\t\t<div class=\"elementor-widget-container\">\n\t\t\t\t\t<h2 class=\"elementor-heading-title elementor-size-default\">Une capture pr\u00e9cise<\/h2>\t\t\t\t<\/div>\n\t\t\t\t<\/div>\n\t\t\t\t<div class=\"elementor-element elementor-element-de0c65e elementor-widget elementor-widget-text-editor\" data-id=\"de0c65e\" data-element_type=\"widget\" data-widget_type=\"text-editor.default\">\n\t\t\t\t<div class=\"elementor-widget-container\">\n\t\t\t\t\t\t\t\t\t<p><strong>Les navires utilis\u00e9s sont \u00e9quip\u00e9s de technologies modernes de d\u00e9tection et de tracking<\/strong>, permettant une capture pr\u00e9cise et cibl\u00e9e. Imm\u00e9diatement apr\u00e8s la capture, les produits sont rapidement refroidis et conditionn\u00e9s selon les plus hauts standards europ\u00e9ens de conservation, maintenant une cha\u00eene du froid ininterrompue jusqu&rsquo;\u00e0 leur destination finale en Europe.<\/p>\t\t\t\t\t\t\t\t<\/div>\n\t\t\t\t<\/div>\n\t\t\t\t<\/div>\n\t\t<div class=\"elementor-element elementor-element-486a822 e-con-full e-flex e-con e-child\" data-id=\"486a822\" data-element_type=\"container\">\n\t\t\t\t<div class=\"elementor-element elementor-element-80fb8a9 elementor-widget elementor-widget-heading\" data-id=\"80fb8a9\" data-element_type=\"widget\" data-widget_type=\"heading.default\">\n\t\t\t\t<div class=\"elementor-widget-container\">\n\t\t\t\t\t<h2 class=\"elementor-heading-title elementor-size-default\">Tra\u00e7abilit\u00e9 compl\u00e8te<\/h2>\t\t\t\t<\/div>\n\t\t\t\t<\/div>\n\t\t\t\t<div class=\"elementor-element elementor-element-9a3b8ca elementor-widget elementor-widget-text-editor\" data-id=\"9a3b8ca\" data-element_type=\"widget\" data-widget_type=\"text-editor.default\">\n\t\t\t\t<div class=\"elementor-widget-container\">\n\t\t\t\t\t\t\t\t\t<p>Cette approche int\u00e9gr\u00e9e permet de garantir non seulement la qualit\u00e9 sup\u00e9rieure des produits, mais \u00e9galement une tra\u00e7abilit\u00e9 compl\u00e8te et un engagement ferme envers le d\u00e9veloppement durable des communaut\u00e9s de p\u00eacheurs locaux.<\/p><p><strong>Chaque lot de produits marins<\/strong> repr\u00e9sente ainsi bien plus qu&rsquo;une simple marchandise : c&rsquo;est l&rsquo;aboutissement d&rsquo;un processus complexe alliant expertise technique, respect environnemental et responsabilit\u00e9 sociale.<\/p>\t\t\t\t\t\t\t\t<\/div>\n\t\t\t\t<\/div>\n\t\t\t\t<\/div>\n\t\t\t\t\t<\/div>\n\t\t\t\t<\/div>\n\t\t<div class=\"elementor-element elementor-element-e4c6ef6 e-flex e-con-boxed e-con e-parent\" data-id=\"e4c6ef6\" data-element_type=\"container\">\n\t\t\t\t\t<div class=\"e-con-inner\">\n\t\t\t\t<div class=\"elementor-element elementor-element-e9e6098 elementor-widget elementor-widget-image\" data-id=\"e9e6098\" data-element_type=\"widget\" data-widget_type=\"image.default\">\n\t\t\t\t<div class=\"elementor-widget-container\">\n\t\t\t\t\t\t\t\t\t\t\t\t\t\t\t<img fetchpriority=\"high\" decoding=\"async\" width=\"800\" height=\"533\" src=\"https:\/\/sidiafishing.com\/wp-content\/uploads\/2024\/12\/port-maritime-1024x682.jpg\" class=\"attachment-large size-large wp-image-1030\" alt=\"port maritime\" srcset=\"https:\/\/sidiafishing.com\/wp-content\/uploads\/2024\/12\/port-maritime-1024x682.jpg 1024w, https:\/\/sidiafishing.com\/wp-content\/uploads\/2024\/12\/port-maritime-300x200.jpg 300w, https:\/\/sidiafishing.com\/wp-content\/uploads\/2024\/12\/port-maritime-768x512.jpg 768w, https:\/\/sidiafishing.com\/wp-content\/uploads\/2024\/12\/port-maritime.jpg 1280w\" sizes=\"(max-width: 800px) 100vw, 800px\" \/>\t\t\t\t\t\t\t\t\t\t\t\t\t\t\t<\/div>\n\t\t\t\t<\/div>\n\t\t\t\t\t<\/div>\n\t\t\t\t<\/div>\n\t\t<div class=\"elementor-element elementor-element-c924b5a e-flex e-con-boxed e-con e-parent\" data-id=\"c924b5a\" data-element_type=\"container\">\n\t\t\t\t\t<div class=\"e-con-inner\">\n\t\t\t\t<div class=\"elementor-element elementor-element-eddff77 elementor-widget elementor-widget-heading\" data-id=\"eddff77\" data-element_type=\"widget\" data-widget_type=\"heading.default\">\n\t\t\t\t<div class=\"elementor-widget-container\">\n\t\t\t\t\t<h2 class=\"elementor-heading-title elementor-size-default\">La strat\u00e9gie de distribution des produits marins couvre l'int\u00e9gralit\u00e9 du territoire europ\u00e9en<\/h2>\t\t\t\t<\/div>\n\t\t\t\t<\/div>\n\t\t\t\t\t<\/div>\n\t\t\t\t<\/div>\n\t\t<div class=\"elementor-element elementor-element-ec5a8ad e-flex e-con-boxed e-con e-parent\" data-id=\"ec5a8ad\" data-element_type=\"container\">\n\t\t\t\t\t<div class=\"e-con-inner\">\n\t\t\t\t<div class=\"elementor-element elementor-element-49e1300 elementor-widget elementor-widget-text-editor\" data-id=\"49e1300\" data-element_type=\"widget\" data-widget_type=\"text-editor.default\">\n\t\t\t\t<div class=\"elementor-widget-container\">\n\t\t\t\t\t\t\t\t\t<p>La strat\u00e9gie de distribution des produits marins couvre l&rsquo;int\u00e9gralit\u00e9 du territoire europ\u00e9en, englobant les 27 pays membres de l&rsquo;Union Europ\u00e9enne ainsi que plusieurs pays partenaires.<\/p><p>Nos produits, sourc\u00e9s avec expertise dans les eaux riches de l&rsquo;Afrique de l&rsquo;Ouest, proviennent sp\u00e9cifiquement <strong>des zones de p\u00eache de Guin\u00e9e-Bissau, du Lib\u00e9ria et de Sierra Leone<\/strong>, r\u00e9gions maritimes r\u00e9put\u00e9es pour leurs ressources halieutiques exceptionnelles.<\/p><p><strong>Ces zones c\u00f4ti\u00e8res offrent des captures de poissons p\u00e9lagiques et d\u00e9mersaux de haute qualit\u00e9<\/strong>, repr\u00e9sentant une source primordiale de notre approvisionnement.<\/p><p>Au c\u0153ur de ce dispositif logistique complexe, on retrouve une desserte pr\u00e9cise des principaux march\u00e9s :<strong> la France, l&rsquo;Allemagne, l&rsquo;Espagne, l&rsquo;Italie, les Pays-Bas et la Pologne constituent des destinations strat\u00e9giques majeures, repr\u00e9sentant \u00e0 eux seuls plus de 70% des volumes de produits de la mer distribu\u00e9s. <\/strong><\/p><p><strong>La Belgique, le Luxembourg et la Suisse<\/strong>, bien que de plus petite taille, sont int\u00e9gr\u00e9s dans un maillage territorial fin, garantissant une couverture sans discontinuit\u00e9.<\/p><p>Les pays d&rsquo;Europe de l&rsquo;Est tels que la R\u00e9publique Tch\u00e8que, la Slovaquie, la Hongrie et la Roumanie sont progressivement connect\u00e9s aux r\u00e9seaux de distribution.\u00a0<\/p><p><strong> Cette strat\u00e9gie europ\u00e9enne<\/strong> s&rsquo;appuie sur un r\u00e9seau multimodal combinant transport a\u00e9rien, et maritime, avec des plateformes logistiques hautement sophistiqu\u00e9es situ\u00e9es dans des hubs strat\u00e9giques comme Rotterdam, Hambourg et Barcelone, permettant une distribution rapide et efficace sur l&rsquo;ensemble du continent europ\u00e9en..<\/p>\t\t\t\t\t\t\t\t<\/div>\n\t\t\t\t<\/div>\n\t\t\t\t\t<\/div>\n\t\t\t\t<\/div>\n\t\t\t\t<\/div>\n\t\t","protected":false},"excerpt":{"rendered":"<p>Les zones maritimes de Guin\u00e9e-Bissau, du Lib\u00e9ria et de Sierra Leone repr\u00e9sentent un \u00e9cosyst\u00e8me marin particuli\u00e8rement riche et diversifi\u00e9, offrant des conditions exceptionnelles pour la p\u00eache. La r\u00e9gion c\u00f4ti\u00e8re ouest-africaine, baign\u00e9e par le courant des Canaries, b\u00e9n\u00e9ficie d&rsquo;upwellings oc\u00e9aniques qui favorisent une biodiversit\u00e9 marine remarquable. Une p\u00e9che durable \u00a0Notre processus de s\u00e9lection et de capture [&hellip;]<\/p>\n","protected":false},"author":1,"featured_media":0,"parent":0,"menu_order":0,"comment_status":"closed","ping_status":"closed","template":"","meta":{"footnotes":""},"class_list":["post-980","page","type-page","status-publish","hentry"],"_links":{"self":[{"href":"https:\/\/sidiafishing.com\/index.php\/wp-json\/wp\/v2\/pages\/980","targetHints":{"allow":["GET"]}}],"collection":[{"href":"https:\/\/sidiafishing.com\/index.php\/wp-json\/wp\/v2\/pages"}],"about":[{"href":"https:\/\/sidiafishing.com\/index.php\/wp-json\/wp\/v2\/types\/page"}],"author":[{"embeddable":true,"href":"https:\/\/sidiafishing.com\/index.php\/wp-json\/wp\/v2\/users\/1"}],"replies":[{"embeddable":true,"href":"https:\/\/sidiafishing.com\/index.php\/wp-json\/wp\/v2\/comments?post=980"}],"version-history":[{"count":10,"href":"https:\/\/sidiafishing.com\/index.php\/wp-json\/wp\/v2\/pages\/980\/revisions"}],"predecessor-version":[{"id":1033,"href":"https:\/\/sidiafishing.com\/index.php\/wp-json\/wp\/v2\/pages\/980\/revisions\/1033"}],"wp:attachment":[{"href":"https:\/\/sidiafishing.com\/index.php\/wp-json\/wp\/v2\/media?parent=980"}],"curies":[{"name":"wp","href":"https:\/\/api.w.org\/{rel}","templated":true}]}}